{"id":42,"date":"2020-08-30T16:35:18","date_gmt":"2020-08-30T14:35:18","guid":{"rendered":"https:\/\/www.molitor-immobilien.de\/krimm\/wohnungen\/"},"modified":"2021-02-26T17:13:26","modified_gmt":"2021-02-26T16:13:26","slug":"wohnungen","status":"publish","type":"page","link":"https:\/\/www.molitor-immobilien.de\/krimm\/de\/wohnungen\/","title":{"rendered":"Wohnungen"},"content":{"rendered":"<section class=\"wpb-content-wrapper\"><p>[vc_row el_id=\"intro\"][vc_column][vc_column_text]<\/p>\n<h1 class=\"mega green notmarker krimm-script\">Wohnen <span class=\"nowrap\"><span style=\"letter-spacing: -0.5em; margin-left: 0.5em;\">\"<\/span>An der Krimm\"<\/span><\/h1>\n<h3>Die Krimm bietet Wohnen mit ganz viel Lebensqualit\u00e4t.<\/h3>\n<p>[\/vc_column_text][vc_column_text el_class=\"big\"]Das architektonische Konzept des Wohn-Ensembles \u201eAn der Krimm\u201c wird durch zahlreiche und liebevolle Details zu einem Ort, an dem man gerne zuhause ist. Die liebevoll gestalteten Au\u00dfenanlagen rund um das Geb\u00e4ude-Ensemble versprechen wertvolle Aufenthaltsqualit\u00e4t im Freien. Die Fassaden bestechen mit moderner Optik durch sch\u00f6ne Details in Holzoptik und die umweltfreundliche Geb\u00e4udenbegr\u00fcnung schafft ein harmonisches Ambiente. Weiterhin bietet das Ensemble barrierefreie und teilweise rollstuhlgerechte Wohnungen mit modernen Einbauk\u00fcchen, die alle ganz bequem \u00fcber Aufz\u00fcge erreichbar sind. Die ganz besondere Wohlf\u00fchl-Stimmung bieten die Wohnungen mit Balkon, Terrasse, Loggia oder die modernen Penthouse-Wohnungen mit weitl\u00e4ufiger Dachterrasse.[\/vc_column_text][\/vc_column][\/vc_row][vc_row el_class=\"nopadding-top nopadding-bottom\"][vc_column][vc_column_text]<img decoding=\"async\" src=\"\/krimm\/wp-content\/uploads\/krimm_visual_02_innen.jpg\" alt=\"Gonsenheim \u2013 An der Krimm\" \/>[\/vc_column_text][\/vc_column][\/vc_row][vc_row el_id=\"raeume\" el_class=\"nopadding-top\"][vc_column][vc_column_text]<\/p>\n<ul class=\"tabnav\">\n<li><a href=\"#\" data-id=\"tab_1\">2-Zimmer\u00adwohnung<\/a><\/li>\n<li><a href=\"#\" data-id=\"tab_2\">3-Zimmer\u00adwohnung<\/a><\/li>\n<li><a href=\"#\" data-id=\"tab_3\">4-Zimmer\u00adwohnung<\/a><\/li>\n<li><a href=\"#\" data-id=\"tab_4\">Penthouse\u00adwohnung<\/a><\/li>\n<\/ul>\n<p>[\/vc_column_text][vc_row_inner el_id=\"tab_1\" el_class=\"gallery tabcon\"][vc_column_inner width=\"1\/2\"][vc_column_text]<\/p>\n<h2 class=\"krimm-script\">2-Zimmerwohnung<\/h2>\n<p>Nach Hause kommen. Entspannt zur\u00fccklehnen. Am besten auf dem eigenen Balkon. Die 2-Zimmerwohnungen sind das perfekte Zuhause f\u00fcr Singles und Paare, die Wert auf Ambiente legen.[\/vc_column_text][\/vc_column_inner][vc_column_inner width=\"1\/2\"][vc_column_text el_class=\"skizze\"]<\/p>\n\n\n<div id=\"grid-0\" class=\"grid-gallery gallery\">\n\t<div class=\"gallery-wrapper\">\n\t\t        \n        <ul class=\"grid thin col-1\">\n        \t            <li class=\"item\" data-slide=\"0\">\n                <figure class=\"wp-caption\" data-zoom=\"https:\/\/www.molitor-immobilien.de\/krimm\/wp-content\/uploads\/Beispiel_2-Zimmer__WE-1.0.2_Haus-1_ADK-Wohnen_Grundriss.png\"><img class=\"image\" src=\"https:\/\/www.molitor-immobilien.de\/krimm\/wp-content\/uploads\/Beispiel_2-Zimmer__WE-1.0.2_Haus-1_ADK-Wohnen_Grundriss.png\" alt=\"Beispiel: 2-Zimmerwohnung\" title=\"Beispiel: 2-Zimmerwohnung\"  \/><figcaption class=\"meta caption wp-caption-text\">Beispiel: 2-Zimmerwohnung<\/figcaption><\/figure>            <\/li>\t\t\n                 <\/ul>\n    <\/div>\n<\/div>\n<p>[\/vc_column_text][\/vc_column_inner][\/vc_row_inner][vc_row_inner el_id=\"tab_2\" el_class=\"tabcon\"][vc_column_inner width=\"1\/2\"][vc_column_text]<\/p>\n<h2 class=\"krimm-script\">3-Zimmerwohnung<\/h2>\n<p>Ob als Single-Haushalt, zu Zweit oder mit Kind \u2013 die cleveren Grundrisse der 3-Zimmerwohnungen bieten ganz viel Raum. Sie w\u00fcnschen sich ein ger\u00e4umiges Homeoffice? Oder ein sch\u00f6nes G\u00e4stezimmer? Oder vielleicht ein Kinderzimmer? Hier finden Sie das, was Sie suchen.[\/vc_column_text][\/vc_column_inner][vc_column_inner width=\"1\/2\"][vc_column_text el_class=\"skizze\"]<\/p>\n\n\n<div id=\"grid-1\" class=\"grid-gallery gallery\">\n\t<div class=\"gallery-wrapper\">\n\t\t        \n        <ul class=\"grid thin col-1\">\n        \t            <li class=\"item\" data-slide=\"0\">\n                <figure class=\"wp-caption\" data-zoom=\"https:\/\/www.molitor-immobilien.de\/krimm\/wp-content\/uploads\/Beispiel_3-Zimmer__WE-2.1.1_Haus-2_ADK-Wohnen_Grundriss.png\"><img class=\"image\" src=\"https:\/\/www.molitor-immobilien.de\/krimm\/wp-content\/uploads\/Beispiel_3-Zimmer__WE-2.1.1_Haus-2_ADK-Wohnen_Grundriss.png\" alt=\"Beispiel: 3-Zimmerwohnung\" title=\"Beispiel: 3-Zimmerwohnung\"  \/><figcaption class=\"meta caption wp-caption-text\">Beispiel: 3-Zimmerwohnung<\/figcaption><\/figure>            <\/li>\t\t\n                 <\/ul>\n    <\/div>\n<\/div>\n<p>[\/vc_column_text][\/vc_column_inner][\/vc_row_inner][vc_row_inner el_id=\"tab_3\" el_class=\"tabcon\"][vc_column_inner width=\"1\/2\"][vc_column_text]<\/p>\n<h2 class=\"krimm-script\">4-Zimmerwohnung<\/h2>\n<p>Zu zweit oder Familien mit Kind \u2013 die gro\u00dfz\u00fcgigen 4-Zimmerwohnungen bieten ganz viel Raum. Sie w\u00fcnschen sich ein ger\u00e4umiges Homeoffice? Oder ein zus\u00e4tzliches G\u00e4stezimmer? Oder ben\u00f6tigen zwei Kinderzimmer? Hier finden Sie das, was Sie suchen.[\/vc_column_text][\/vc_column_inner][vc_column_inner width=\"1\/2\"][vc_column_text el_class=\"skizze\"]<\/p>\n\n\n<div id=\"grid-2\" class=\"grid-gallery gallery\">\n\t<div class=\"gallery-wrapper\">\n\t\t        \n        <ul class=\"grid thin col-1\">\n        \t            <li class=\"item\" data-slide=\"0\">\n                <figure class=\"wp-caption\" data-zoom=\"https:\/\/www.molitor-immobilien.de\/krimm\/wp-content\/uploads\/Beispiel_4-Zimmer_01__WE-1.0.1_Haus-1_ADK-Wohnen_Grundriss.png\"><img class=\"image\" src=\"https:\/\/www.molitor-immobilien.de\/krimm\/wp-content\/uploads\/Beispiel_4-Zimmer_01__WE-1.0.1_Haus-1_ADK-Wohnen_Grundriss.png\" alt=\"Beispiel: 4-Zimmerwohnung\" title=\"Beispiel: 4-Zimmerwohnung\"  \/><figcaption class=\"meta caption wp-caption-text\">Beispiel: 4-Zimmerwohnung<\/figcaption><\/figure>            <\/li>\t\t\n                 <\/ul>\n    <\/div>\n<\/div>\n<p>[\/vc_column_text][\/vc_column_inner][\/vc_row_inner][vc_row_inner el_id=\"tab_4\" el_class=\"tabcon\"][vc_column_inner width=\"1\/2\"][vc_column_text]<\/p>\n<h2 class=\"krimm-script\">Penthousewohnung<\/h2>\n<p>Sie m\u00f6chten es gerne besonders individuell? Die weitl\u00e4ufigen R\u00e4ume der Penthouse-Wohnungen bieten Ihnen ein ganz besonderes Zuhause. Mit ca.\u00a053\u00a0\u2013\u00a0ca.\u00a0145 m\u00b2 Wohnfl\u00e4che verf\u00fcgen diese Mietwohnungen \u00fcber vielf\u00e4ltige Gestaltungsm\u00f6glichkeiten und passen sich den individuellen Anforderungen der Bewohner perfekt an. Egal was Sie suchen - hier sind Sie richtig.[\/vc_column_text][\/vc_column_inner][vc_column_inner width=\"1\/2\"][vc_column_text el_class=\"skizze\"]<\/p>\n\n\n<div id=\"grid-3\" class=\"grid-gallery gallery\">\n\t<div class=\"gallery-wrapper\">\n\t\t        \n        <ul class=\"grid thin col-1\">\n        \t            <li class=\"item\" data-slide=\"0\">\n                <figure class=\"wp-caption\" data-zoom=\"https:\/\/www.molitor-immobilien.de\/krimm\/wp-content\/uploads\/Beispiel_2-Zimmer-Penthouse__WE-2.3.1_Haus-2_ADK-Wohnen_Grundriss.png\"><img class=\"image\" src=\"https:\/\/www.molitor-immobilien.de\/krimm\/wp-content\/uploads\/Beispiel_2-Zimmer-Penthouse__WE-2.3.1_Haus-2_ADK-Wohnen_Grundriss.png\" alt=\"Beispiel: Penthouse (2 Zimmer)\" title=\"Beispiel: Penthousewohnung (2 Zimmer)\"  \/><figcaption class=\"meta caption wp-caption-text\">Beispiel: Penthousewohnung (2 Zimmer)<\/figcaption><\/figure>            <\/li>\t\t\n                    <li class=\"item\" data-slide=\"1\">\n                <figure class=\"wp-caption\" data-zoom=\"https:\/\/www.molitor-immobilien.de\/krimm\/wp-content\/uploads\/Beispiel_3-Zimmer-Penthouse_01__WE-2.3.4_Haus-2_ADK-Wohnen_Grundriss.png\"><img class=\"image\" src=\"https:\/\/www.molitor-immobilien.de\/krimm\/wp-content\/uploads\/Beispiel_3-Zimmer-Penthouse_01__WE-2.3.4_Haus-2_ADK-Wohnen_Grundriss.png\" alt=\"Beispiel: Penthouse (3 Zimmer)\" title=\"Beispiel: Penthousewohnung (3 Zimmer)\"  \/><figcaption class=\"meta caption wp-caption-text\">Beispiel: Penthousewohnung (3 Zimmer)<\/figcaption><\/figure>            <\/li>\t\t\n                    <li class=\"item\" data-slide=\"2\">\n                <figure class=\"wp-caption\" data-zoom=\"https:\/\/www.molitor-immobilien.de\/krimm\/wp-content\/uploads\/Beispiel_4-Zimmer-Penthouse__WE-2.3.2_Haus-2_ADK-Wohnen_Grundriss.png\"><img class=\"image\" src=\"https:\/\/www.molitor-immobilien.de\/krimm\/wp-content\/uploads\/Beispiel_4-Zimmer-Penthouse__WE-2.3.2_Haus-2_ADK-Wohnen_Grundriss.png\" alt=\"Beispiel: Penthouse (4 Zimmer)\" title=\"Beispiel: Penthousewohnung (4 Zimmer)\"  \/><figcaption class=\"meta caption wp-caption-text\">Beispiel: Penthousewohnung (4 Zimmer)<\/figcaption><\/figure>            <\/li>\t\t\n                 <\/ul>\n    <\/div>\n<\/div>\n<p>[\/vc_column_text][\/vc_column_inner][\/vc_row_inner][vc_column_text el_class=\"center wohnungsfinder\"]<\/p>\n<hr \/>\n<h3>Das neue Zuhause soll perfekt passen? Nutzen Sie unseren Wohnungsfinder!<\/h3>\n<div class=\"button big\" style=\"margin: 0em auto 0em !important;\"><a href=\"\/krimm\/de\/wohnungsfinder\">Wohnungsfinder<\/a><\/div>\n<p>[\/vc_column_text][\/vc_column][\/vc_row][vc_row el_id=\"wohnfeatures\" el_class=\"nopadding-bottom welle_lang\"][vc_column][vc_column_text]<\/p>\n<h1 class=\"mega green notmarker krimm-script\">Ihre Wohlf\u00fchl-Wohnr\u00e4ume<\/h1>\n<p>[\/vc_column_text][vc_column_text el_class=\"big\"]Wohnen bedeutet Wohlf\u00fchlen. Und genau das versprechen die hochwertig ausgestatteten Mietwohnungen im Ensemble \u201eAn der Krimm\u201c. Treten Sie ein in einen Wohn-\/Essbereich, entweder mit offener oder separater Einbauk\u00fcche, der Sie mit einem hellen und freundlichen Raumgef\u00fchl begr\u00fc\u00dft. Das hochwertige Eiche-Echtholzparkett und die integrierte Fu\u00dfbodenheizung schaffen eine behagliche Atmosph\u00e4re. Die Komfortausstattung kann sich sehen lassen. Je nach Wohnung werden Ihnen weitere tolle Highlights geboten: Zum Beispiel separate Ankleiden und Bad-en-suite, Hauswirtschaftsr\u00e4ume, Dachterrassen und vieles mehr. Suchen Sie sich Ihre Lieblings-Wohnung aus und erf\u00fcllen Sie sich Ihre ganz individuellen Wohn-W\u00fcnsche. [\/vc_column_text][\/vc_column][\/vc_row][vc_row el_class=\"welle_kurz_boot\" el_id=\"rundum\"][vc_column][vc_column_text]<\/p>\n<h2 class=\"krimm-script\" style=\"margin-bottom: -0.5em !important;\">Rundum ausgestattet<\/h2>\n<p>[\/vc_column_text][vc_row_inner][vc_column_inner width=\"1\/2\"][vc_column_text]<\/p>\n<ul class=\"featured bold\">\n<li>Barrierefreie Zug\u00e4nge zu allen Wohnungen durch Aufz\u00fcge<\/li>\n<li>Moderne Einbauk\u00fcche<\/li>\n<li>Edles Eiche-Echtholzparkett<\/li>\n<li>Fu\u00dfbodenheizung<\/li>\n<li>Hochwertige Sanit\u00e4robjekte<\/li>\n<\/ul>\n<p>[\/vc_column_text][\/vc_column_inner][vc_column_inner width=\"1\/2\"][vc_column_text]<\/p>\n<ul class=\"featured bold\">\n<li>Teilweise mit Balkon, Terrasse, Loggia oder Dachterrasse<\/li>\n<li>Teilweise bodentiefe, dreifach verglaste Fenster<\/li>\n<li>Elektrisch bedienbare Rolll\u00e4den bzw. Raffstoreanlagen<\/li>\n<li>Teilweise Bad-en-Suite<\/li>\n<li>Teilweise separate Ankleidezimmer<\/li>\n<\/ul>\n<p>[\/vc_column_text][\/vc_column_inner][\/vc_row_inner][vc_row_inner][vc_column_inner width=\"1\/2\"][vc_column_text]<img decoding=\"async\" loading=\"lazy\" src=\"https:\/\/www.molitor-immobilien.de\/krimm\/wp-content\/uploads\/krimm_fussbodenheizung_01-600x400.jpg\" alt=\"Fussbodenheizung\" class=\"alignnone size-medium wp-image-558\" width=\"600\" height=\"400\" srcset=\"https:\/\/www.molitor-immobilien.de\/krimm\/wp-content\/uploads\/krimm_fussbodenheizung_01-600x400.jpg 600w, https:\/\/www.molitor-immobilien.de\/krimm\/wp-content\/uploads\/krimm_fussbodenheizung_01-1200x800.jpg 1200w, https:\/\/www.molitor-immobilien.de\/krimm\/wp-content\/uploads\/krimm_fussbodenheizung_01-350x233.jpg 350w, https:\/\/www.molitor-immobilien.de\/krimm\/wp-content\/uploads\/krimm_fussbodenheizung_01-1024x683.jpg 1024w, https:\/\/www.molitor-immobilien.de\/krimm\/wp-content\/uploads\/krimm_fussbodenheizung_01-1536x1024.jpg 1536w, https:\/\/www.molitor-immobilien.de\/krimm\/wp-content\/uploads\/krimm_fussbodenheizung_01.jpg 1920w\" sizes=\"(max-width: 600px) 100vw, 600px\" \/>[\/vc_column_text][vc_column_text el_class=\"center\"]<\/p>\n<h3>Nat\u00fcrlich mit Fu\u00dfbodenheizung<\/h3>\n<p>[\/vc_column_text][\/vc_column_inner][vc_column_inner width=\"1\/2\"][vc_column_text]<img decoding=\"async\" loading=\"lazy\" src=\"https:\/\/www.molitor-immobilien.de\/krimm\/wp-content\/uploads\/krimm_ankleidezimmer_01-600x400.jpg\" alt=\"Ankleidezimmer\" class=\"alignnone size-medium wp-image-554\" width=\"600\" height=\"400\" srcset=\"https:\/\/www.molitor-immobilien.de\/krimm\/wp-content\/uploads\/krimm_ankleidezimmer_01-600x400.jpg 600w, https:\/\/www.molitor-immobilien.de\/krimm\/wp-content\/uploads\/krimm_ankleidezimmer_01-1200x800.jpg 1200w, https:\/\/www.molitor-immobilien.de\/krimm\/wp-content\/uploads\/krimm_ankleidezimmer_01-350x233.jpg 350w, https:\/\/www.molitor-immobilien.de\/krimm\/wp-content\/uploads\/krimm_ankleidezimmer_01-1024x683.jpg 1024w, https:\/\/www.molitor-immobilien.de\/krimm\/wp-content\/uploads\/krimm_ankleidezimmer_01-1536x1024.jpg 1536w, https:\/\/www.molitor-immobilien.de\/krimm\/wp-content\/uploads\/krimm_ankleidezimmer_01.jpg 1920w\" sizes=\"(max-width: 600px) 100vw, 600px\" \/>[\/vc_column_text][vc_column_text el_class=\"center\"]<\/p>\n<h3>Separates Ankleidezimmer m\u00f6glich<\/h3>\n<p>[\/vc_column_text][\/vc_column_inner][\/vc_row_inner][\/vc_column][\/vc_row][vc_row parallax=\"content-moving\" parallax_image=\"561\"][vc_column][\/vc_column][\/vc_row]<\/p>\n<\/section>","protected":false},"excerpt":{"rendered":"<p>[vc_row el_id=&#8220;intro&#8220;][vc_column][vc_column_text] Wohnen &#8222;An der Krimm&#8220; Die Krimm bietet Wohnen mit ganz viel Lebensqualit\u00e4t. [\/vc_column_text][vc_column_text el_class=&#8220;big&#8220;]Das architektonische Konzept des Wohn-Ensembles \u201eAn der Krimm\u201c wird durch zahlreiche und liebevolle Details zu einem Ort, an dem man gerne zuhause ist. Die liebevoll gestalteten Au\u00dfenanlagen rund um das Geb\u00e4ude-Ensemble versprechen wertvolle Aufenthaltsqualit\u00e4t im Freien. Die Fassaden bestechen mit &hellip; <a href=\"https:\/\/www.molitor-immobilien.de\/krimm\/de\/wohnungen\/\" class=\"more-link\">Continue reading<span class=\"screen-reader-text\"> &#8222;Wohnungen&#8220;<\/span><\/a><\/p>\n","protected":false},"author":1,"featured_media":512,"parent":0,"menu_order":2,"comment_status":"closed","ping_status":"closed","template":"","meta":[],"acf":[],"_links":{"self":[{"href":"https:\/\/www.molitor-immobilien.de\/krimm\/de\/wp-json\/wp\/v2\/pages\/42"}],"collection":[{"href":"https:\/\/www.molitor-immobilien.de\/krimm\/de\/wp-json\/wp\/v2\/pages"}],"about":[{"href":"https:\/\/www.molitor-immobilien.de\/krimm\/de\/wp-json\/wp\/v2\/types\/page"}],"author":[{"embeddable":true,"href":"https:\/\/www.molitor-immobilien.de\/krimm\/de\/wp-json\/wp\/v2\/users\/1"}],"replies":[{"embeddable":true,"href":"https:\/\/www.molitor-immobilien.de\/krimm\/de\/wp-json\/wp\/v2\/comments?post=42"}],"version-history":[{"count":0,"href":"https:\/\/www.molitor-immobilien.de\/krimm\/de\/wp-json\/wp\/v2\/pages\/42\/revisions"}],"wp:featuredmedia":[{"embeddable":true,"href":"https:\/\/www.molitor-immobilien.de\/krimm\/de\/wp-json\/wp\/v2\/media\/512"}],"wp:attachment":[{"href":"https:\/\/www.molitor-immobilien.de\/krimm\/de\/wp-json\/wp\/v2\/media?parent=42"}],"curies":[{"name":"wp","href":"https:\/\/api.w.org\/{rel}","templated":true}]}}