{"id":42,"date":"2020-08-30T16:35:18","date_gmt":"2020-08-30T14:35:18","guid":{"rendered":"https:\/\/www.molitor-immobilien.de\/karl\/wohnungen\/"},"modified":"2021-08-06T11:10:12","modified_gmt":"2021-08-06T09:10:12","slug":"wohnungen","status":"publish","type":"page","link":"https:\/\/www.molitor-immobilien.de\/karl\/de\/wohnungen\/","title":{"rendered":"Wohnungen"},"content":{"rendered":"<section class=\"wpb-content-wrapper\"><p>[vc_row el_class=&#8220;welle_kurz_boot&#8220; el_id=&#8220;intro&#8220;][vc_column][vc_column_text]<\/p>\n<h1 class=\"mega green notmarker\">Wohnen im Karl<\/h1>\n<h3>Karl bietet Wohnen mit ganz viel Lebensqualit\u00e4t.<\/h3>\n<p>[\/vc_column_text][vc_column_text el_class=&#8220;big&#8220;]So individuell wie die Bewohner sind auch die Grundrisse der modern gestalteten Mietwohnungen. Von dem gem\u00fctlichen 1-Zimmerappartement bis zur weitl\u00e4ufigen Penthouse-Wohnung, hier findet jeder das passende Zuhause. Bei jeder Wohnung dabei: Ein Balkon bzw. Terrasse, Loggia oder Dachterrasse. Au\u00dferdem ein Keller und die M\u00f6glichkeit eines Stellplatzes in der Tiefgarage oder im Au\u00dfenbereich. Was will man mehr?[\/vc_column_text][\/vc_column][\/vc_row][vc_row el_class=&#8220;nopadding-top nopadding-bottom&#8220;][vc_column][vc_column_text]<img decoding=\"async\" src=\"\/karl\/wp-content\/uploads\/karl_visual_1.jpg\" alt=\"Wohnen im KARL\" \/>[\/vc_column_text][\/vc_column][\/vc_row][vc_row el_id=&#8220;raeume&#8220; el_class=&#8220;nopadding-top&#8220;][vc_column][vc_column_text]<\/p>\n<ul class=\"tabnav\">\n<li><a href=\"#\" data-id=\"tab_1\">1-Zimmer\u00adwohnung<\/a><\/li>\n<li><a href=\"#\" data-id=\"tab_2\">2-Zimmer\u00adwohnung<\/a><\/li>\n<li><a href=\"#\" data-id=\"tab_3\">3-Zimmer\u00adwohnung<\/a><\/li>\n<li><a href=\"#\" data-id=\"tab_4\">Penthouse\u00adwohnung<\/a><\/li>\n<\/ul>\n<p>[\/vc_column_text][vc_row_inner el_id=&#8220;tab_1&#8243; el_class=&#8220;gallery tabcon&#8220;][vc_column_inner width=&#8220;1\/2&#8243;][vc_column_text]<\/p>\n<h2>1-Zimmerwohnung<\/h2>\n<p>Das Ein-Zimmer-Zuhause bietet so viel Wohlf\u00fchlgef\u00fchl. Kein Wunder mit der Top-Ausstattung, den gro\u00dfen Fenstern, der Einbauk\u00fcche und dem modernen Bad.[\/vc_column_text][\/vc_column_inner][vc_column_inner width=&#8220;1\/2&#8243;][vc_column_text el_class=&#8220;skizze&#8220;]<\/p>\n\n\n<div id=\"grid-0\" class=\"grid-gallery gallery\">\n\t<div class=\"gallery-wrapper\">\n\t\t        \n        <ul class=\"grid thin col-1\">\n        \t            <li class=\"item\" data-slide=\"0\">\n                <figure class=\"wp-caption\" data-zoom=\"https:\/\/www.molitor-immobilien.de\/karl\/wp-content\/uploads\/Beispel_1-Zimmer__WE-2.0.1_Haus-F2_KARL_Grundriss.png\"><img class=\"image\" src=\"https:\/\/www.molitor-immobilien.de\/karl\/wp-content\/uploads\/Beispel_1-Zimmer__WE-2.0.1_Haus-F2_KARL_Grundriss.png\" alt=\"Beispiel: 1-Zimmerwohnung\" title=\"Beispiel: 1-Zimmerwohnung\"  \/><figcaption class=\"meta caption wp-caption-text\">Beispiel: 1-Zimmerwohnung<\/figcaption><\/figure>            <\/li>\t\t\n                 <\/ul>\n    <\/div>\n<\/div>\n<p>[\/vc_column_text][\/vc_column_inner][\/vc_row_inner][vc_row_inner el_id=&#8220;tab_2&#8243; el_class=&#8220;tabcon&#8220;][vc_column_inner width=&#8220;1\/2&#8243;][vc_column_text]<\/p>\n<h2>2-Zimmerwohnung<\/h2>\n<p>Nach Hause kommen. Entspannt zur\u00fccklehnen. Am besten auf dem eigenen Balkon. Die 2-Zimmerwohnungen sind das perfekte Zuhause f\u00fcr Singles und Paare, die Wert auf Ambiente legen.[\/vc_column_text][\/vc_column_inner][vc_column_inner width=&#8220;1\/2&#8243;][vc_column_text el_class=&#8220;skizze&#8220;]<\/p>\n\n\n<div id=\"grid-1\" class=\"grid-gallery gallery\">\n\t<div class=\"gallery-wrapper\">\n\t\t        \n        <ul class=\"grid thin col-1\">\n        \t            <li class=\"item\" data-slide=\"0\">\n                <figure class=\"wp-caption\" data-zoom=\"https:\/\/www.molitor-immobilien.de\/karl\/wp-content\/uploads\/Beispel_2-Zimmer__WE-2.0.3_Haus-F2_KARL_Grundriss.png\"><img class=\"image\" src=\"https:\/\/www.molitor-immobilien.de\/karl\/wp-content\/uploads\/Beispel_2-Zimmer__WE-2.0.3_Haus-F2_KARL_Grundriss.png\" alt=\"Beispiel: 2-Zimmerwohnung\" title=\"Beispiel: 2-Zimmerwohnung\"  \/><figcaption class=\"meta caption wp-caption-text\">Beispiel: 2-Zimmerwohnung<\/figcaption><\/figure>            <\/li>\t\t\n                 <\/ul>\n    <\/div>\n<\/div>\n<p>[\/vc_column_text][\/vc_column_inner][\/vc_row_inner][vc_row_inner el_id=&#8220;tab_3&#8243; el_class=&#8220;tabcon&#8220;][vc_column_inner width=&#8220;1\/2&#8243;][vc_column_text]<\/p>\n<h2>3-Zimmerwohnung<\/h2>\n<p>Ob als Single-Haushalt, zu zweit oder mit Kind \u2013 die cleveren Grundrisse der 3-Zimmerwohnungen bieten ganz viel Raum. Sie w\u00fcnschen sich ein ger\u00e4umiges Homeoffice? Oder ein sch\u00f6nes G\u00e4stezimmer? Oder vielleicht ein Kinderzimmer? Hier finden Sie das, was Sie suchen.[\/vc_column_text][\/vc_column_inner][vc_column_inner width=&#8220;1\/2&#8243;][vc_column_text el_class=&#8220;skizze&#8220;]<\/p>\n\n\n<div id=\"grid-2\" class=\"grid-gallery gallery\">\n\t<div class=\"gallery-wrapper\">\n\t\t        \n        <ul class=\"grid thin col-1\">\n        \t            <li class=\"item\" data-slide=\"0\">\n                <figure class=\"wp-caption\" data-zoom=\"https:\/\/www.molitor-immobilien.de\/karl\/wp-content\/uploads\/Beispel_3-Zimmer__WE-2.0.2_Haus-F2_KARL_Grundriss.png\"><img class=\"image\" src=\"https:\/\/www.molitor-immobilien.de\/karl\/wp-content\/uploads\/Beispel_3-Zimmer__WE-2.0.2_Haus-F2_KARL_Grundriss.png\" alt=\"Beispiel: 3-Zimmerwohnung\" title=\"Beispiel: 3-Zimmerwohnung\"  \/><figcaption class=\"meta caption wp-caption-text\">Beispiel: 3-Zimmerwohnung<\/figcaption><\/figure>            <\/li>\t\t\n                 <\/ul>\n    <\/div>\n<\/div>\n<p>[\/vc_column_text][\/vc_column_inner][\/vc_row_inner][vc_row_inner el_id=&#8220;tab_4&#8243; el_class=&#8220;tabcon&#8220;][vc_column_inner width=&#8220;1\/2&#8243;][vc_column_text]<\/p>\n<h2>Penthousewohnung<\/h2>\n<p>Sie m\u00f6chten es gerne besonders individuell? Die weitl\u00e4ufigen R\u00e4ume der Penthouse-Wohnungen bieten Ihnen ein ganz besonderes Zuhause. Mit ca. 55 \u2013 ca. 173 m\u00b2 Wohnfl\u00e4che verf\u00fcgen die Penthouse-Mietwohnungen \u00fcber vielf\u00e4ltige Gestaltungs\u00adm\u00f6glichkeiten und passen sich den individuellen Anforderungen der Bewohner perfekt an. Egal was Sie suchen \u2013 hier sind Sie richtig.[\/vc_column_text][\/vc_column_inner][vc_column_inner width=&#8220;1\/2&#8243;][vc_column_text el_class=&#8220;skizze&#8220;]<\/p>\n\n\n<div id=\"grid-3\" class=\"grid-gallery gallery\">\n\t<div class=\"gallery-wrapper\">\n\t\t        \n        <ul class=\"grid thin col-1\">\n        \t            <li class=\"item\" data-slide=\"0\">\n                <figure class=\"wp-caption\" data-zoom=\"https:\/\/www.molitor-immobilien.de\/karl\/wp-content\/uploads\/Beispiel_Penthouse__WE-2.4.3_Haus-F2_KARL_Grundriss.png\"><img class=\"image\" src=\"https:\/\/www.molitor-immobilien.de\/karl\/wp-content\/uploads\/Beispiel_Penthouse__WE-2.4.3_Haus-F2_KARL_Grundriss.png\" alt=\"Beispiel: Penthouse (2 Zimmer)\" title=\"Beispiel: Penthousewohnung (2 Zimmer)\"  \/><figcaption class=\"meta caption wp-caption-text\">Beispiel: Penthousewohnung (2 Zimmer)<\/figcaption><\/figure>            <\/li>\t\t\n                    <li class=\"item\" data-slide=\"1\">\n                <figure class=\"wp-caption\" data-zoom=\"https:\/\/www.molitor-immobilien.de\/karl\/wp-content\/uploads\/Beispiel_Penthouse__WE-2.4.1_Haus-F2_KARL_Grundriss.png\"><img class=\"image\" src=\"https:\/\/www.molitor-immobilien.de\/karl\/wp-content\/uploads\/Beispiel_Penthouse__WE-2.4.1_Haus-F2_KARL_Grundriss.png\" alt=\"Beispiel: Penthouse (5 Zimmer)\" title=\"Beispiel: Penthousewohnung (5 Zimmer)\"  \/><figcaption class=\"meta caption wp-caption-text\">Beispiel: Penthousewohnung (5 Zimmer)<\/figcaption><\/figure>            <\/li>\t\t\n                 <\/ul>\n    <\/div>\n<\/div>\n<p>[\/vc_column_text][\/vc_column_inner][\/vc_row_inner][vc_column_text el_class=&#8220;center wohnungsfinder&#8220;]<\/p>\n<hr \/>\n<h3>Das neue Zuhause soll perfekt passen? Nutzen Sie unseren Wohnungsfinder!<\/h3>\n<div class=\"button big\" style=\"margin: 0em auto 0em !important;\"><a href=\"\/karl\/de\/wohnungsfinder\">Wohnungsfinder<\/a><\/div>\n<p>[\/vc_column_text][\/vc_column][\/vc_row][vc_row el_id=&#8220;intro&#8220; el_class=&#8220;welle_lang nopadding-bottom&#8220;][vc_column][vc_column_text]<\/p>\n<h1 class=\"mega green notmarker\">Zuhause ist mein Wohlf\u00fchlort<\/h1>\n<p>[\/vc_column_text][vc_column_text el_class=&#8220;big&#8220;]Ein komfortables Zuhause. Zum Entspannen, zum Wohlf\u00fchlen, zum Abschalten. Um die eigenen vier W\u00e4nde so richtig zu genie\u00dfen, braucht es ein Rundum-Paket. Eine hochwertige Ausstattung geh\u00f6rt nat\u00fcrlich dazu. Alle Mietwohnungen verf\u00fcgen \u00fcber ein umfangreiches Angebot an modernen und qualit\u00e4tvollen Details: Ob Fu\u00dfbodenheizung f\u00fcr ein wohlig warmes Zuhause im Winter oder eigene Au\u00dfenbereiche, auf denen man die sommerlichen Temperaturen genie\u00dfen kann \u2013 jedes Zuhause im Karl ist ein einzigartiger Wohlf\u00fchlort. [\/vc_column_text][\/vc_column][\/vc_row][vc_row el_class=&#8220;welle_kurz_boot&#8220; el_id=&#8220;rundum&#8220;][vc_column][vc_column_text]<\/p>\n<h2>Rundum ausgestattet<\/h2>\n<p>[\/vc_column_text][vc_row_inner][vc_column_inner width=&#8220;1\/2&#8243;][vc_column_text]<\/p>\n<ul class=\"featured bold\">\n<li>Dreifach verglaste, teilweise bodentiefe, Fenster<\/li>\n<li>Moderne Einbauk\u00fcche<\/li>\n<li>Hochwertige Sanit\u00e4robjekte<\/li>\n<li>Edles Eiche-Echtholzparkett<\/li>\n<li>Fu\u00dfbodenheizung<\/li>\n<li>Teilweise vollverglaste Winterg\u00e4rten<\/li>\n<li>Elektrisch bedienbare Rolll\u00e4den<\/li>\n<\/ul>\n<p>[\/vc_column_text][\/vc_column_inner][vc_column_inner width=&#8220;1\/2&#8243;][vc_column_text]<\/p>\n<ul class=\"featured bold\">\n<li>Barrierefreie Zug\u00e4nge zu allen Wohnungen durch Aufz\u00fcge<\/li>\n<li>Teilweise Aufzug direkt in die Penthouse-Wohnungen<\/li>\n<li>Alle Wohnungen mit Keller<\/li>\n<li>Mietbare PKW-Stellpl\u00e4tze<\/li>\n<li>Teilweise Vorr\u00fcstung f\u00fcr PKW-Stellpl\u00e4tze mit E-Mobilit\u00e4t in der Tiefgarage<\/li>\n<li>Renz-Box f\u00fcr individuellen Paket- und Lieferservice<\/li>\n<\/ul>\n<p>[\/vc_column_text][\/vc_column_inner][\/vc_row_inner][vc_row_inner][vc_column_inner width=&#8220;1\/3&#8243;][vc_column_text]<img decoding=\"async\" loading=\"lazy\" src=\"https:\/\/www.molitor-immobilien.de\/karl\/wp-content\/uploads\/wohlfuehlen_zuhause_02-600x400.jpg\" alt=\"\" class=\"alignnone wp-image-223 size-medium\" width=\"600\" height=\"400\" srcset=\"https:\/\/www.molitor-immobilien.de\/karl\/wp-content\/uploads\/wohlfuehlen_zuhause_02-600x400.jpg 600w, https:\/\/www.molitor-immobilien.de\/karl\/wp-content\/uploads\/wohlfuehlen_zuhause_02-350x233.jpg 350w, https:\/\/www.molitor-immobilien.de\/karl\/wp-content\/uploads\/wohlfuehlen_zuhause_02-1024x683.jpg 1024w, https:\/\/www.molitor-immobilien.de\/karl\/wp-content\/uploads\/wohlfuehlen_zuhause_02-1200x800.jpg 1200w, https:\/\/www.molitor-immobilien.de\/karl\/wp-content\/uploads\/wohlfuehlen_zuhause_02.jpg 1920w\" sizes=\"(max-width: 600px) 100vw, 600px\" \/>[\/vc_column_text][vc_column_text el_class=&#8220;center&#8220;]<\/p>\n<h3>Nat\u00fcrlich mit Fu\u00dfbodenheizung<\/h3>\n<p>[\/vc_column_text][vc_column_text]<img decoding=\"async\" loading=\"lazy\" src=\"https:\/\/www.molitor-immobilien.de\/karl\/wp-content\/uploads\/Wohn-Esszimmer-5.jpg\" alt=\"Musterwohnung Mainz-kastel\" width=\"1020\" height=\"768\" class=\"alignnone size-full wp-image-547\" srcset=\"https:\/\/www.molitor-immobilien.de\/karl\/wp-content\/uploads\/Wohn-Esszimmer-5.jpg 1020w, https:\/\/www.molitor-immobilien.de\/karl\/wp-content\/uploads\/Wohn-Esszimmer-5-600x452.jpg 600w, https:\/\/www.molitor-immobilien.de\/karl\/wp-content\/uploads\/Wohn-Esszimmer-5-350x264.jpg 350w\" sizes=\"(max-width: 1020px) 100vw, 1020px\" \/>[\/vc_column_text][vc_column_text]<img decoding=\"async\" loading=\"lazy\" src=\"https:\/\/www.molitor-immobilien.de\/karl\/wp-content\/uploads\/Schlafzimmer-2.jpg\" alt=\"\" width=\"1022\" height=\"768\" class=\"alignnone size-full wp-image-555\" srcset=\"https:\/\/www.molitor-immobilien.de\/karl\/wp-content\/uploads\/Schlafzimmer-2.jpg 1022w, https:\/\/www.molitor-immobilien.de\/karl\/wp-content\/uploads\/Schlafzimmer-2-600x451.jpg 600w, https:\/\/www.molitor-immobilien.de\/karl\/wp-content\/uploads\/Schlafzimmer-2-350x263.jpg 350w\" sizes=\"(max-width: 1022px) 100vw, 1022px\" \/>[\/vc_column_text][vc_column_text]<img decoding=\"async\" loading=\"lazy\" src=\"https:\/\/www.molitor-immobilien.de\/karl\/wp-content\/uploads\/Dachterrasse-scaled.jpg\" alt=\"\" width=\"2560\" height=\"1920\" class=\"alignnone size-full wp-image-589\" srcset=\"https:\/\/www.molitor-immobilien.de\/karl\/wp-content\/uploads\/Dachterrasse-scaled.jpg 2560w, https:\/\/www.molitor-immobilien.de\/karl\/wp-content\/uploads\/Dachterrasse-600x450.jpg 600w, https:\/\/www.molitor-immobilien.de\/karl\/wp-content\/uploads\/Dachterrasse-1200x900.jpg 1200w, https:\/\/www.molitor-immobilien.de\/karl\/wp-content\/uploads\/Dachterrasse-350x263.jpg 350w, https:\/\/www.molitor-immobilien.de\/karl\/wp-content\/uploads\/Dachterrasse-1024x768.jpg 1024w, https:\/\/www.molitor-immobilien.de\/karl\/wp-content\/uploads\/Dachterrasse-1536x1152.jpg 1536w, https:\/\/www.molitor-immobilien.de\/karl\/wp-content\/uploads\/Dachterrasse-2048x1536.jpg 2048w, https:\/\/www.molitor-immobilien.de\/karl\/wp-content\/uploads\/Dachterrasse-1920x1440.jpg 1920w\" sizes=\"(max-width: 2560px) 100vw, 2560px\" \/>[\/vc_column_text][vc_column_text]<img decoding=\"async\" loading=\"lazy\" src=\"https:\/\/www.molitor-immobilien.de\/karl\/wp-content\/uploads\/Foto-10.06.21-17-45-42.jpg\" alt=\"Karl Mainz Kastel Penthouse\" width=\"2560\" height=\"1920\" class=\"alignnone size-full wp-image-631\" srcset=\"https:\/\/www.molitor-immobilien.de\/karl\/wp-content\/uploads\/Foto-10.06.21-17-45-42.jpg 2560w, https:\/\/www.molitor-immobilien.de\/karl\/wp-content\/uploads\/Foto-10.06.21-17-45-42-600x450.jpg 600w, https:\/\/www.molitor-immobilien.de\/karl\/wp-content\/uploads\/Foto-10.06.21-17-45-42-1200x900.jpg 1200w, https:\/\/www.molitor-immobilien.de\/karl\/wp-content\/uploads\/Foto-10.06.21-17-45-42-350x263.jpg 350w, https:\/\/www.molitor-immobilien.de\/karl\/wp-content\/uploads\/Foto-10.06.21-17-45-42-1024x768.jpg 1024w, https:\/\/www.molitor-immobilien.de\/karl\/wp-content\/uploads\/Foto-10.06.21-17-45-42-1536x1152.jpg 1536w, https:\/\/www.molitor-immobilien.de\/karl\/wp-content\/uploads\/Foto-10.06.21-17-45-42-2048x1536.jpg 2048w, https:\/\/www.molitor-immobilien.de\/karl\/wp-content\/uploads\/Foto-10.06.21-17-45-42-1920x1440.jpg 1920w\" sizes=\"(max-width: 2560px) 100vw, 2560px\" \/>[\/vc_column_text][\/vc_column_inner][vc_column_inner width=&#8220;1\/3&#8243;][vc_column_text]<img decoding=\"async\" loading=\"lazy\" src=\"https:\/\/www.molitor-immobilien.de\/karl\/wp-content\/uploads\/wohlfuehlen_zuhause_03-600x400.jpg\" alt=\"\" class=\"alignnone wp-image-227 size-medium\" width=\"600\" height=\"400\" srcset=\"https:\/\/www.molitor-immobilien.de\/karl\/wp-content\/uploads\/wohlfuehlen_zuhause_03-600x400.jpg 600w, https:\/\/www.molitor-immobilien.de\/karl\/wp-content\/uploads\/wohlfuehlen_zuhause_03-350x233.jpg 350w, https:\/\/www.molitor-immobilien.de\/karl\/wp-content\/uploads\/wohlfuehlen_zuhause_03-1024x683.jpg 1024w, https:\/\/www.molitor-immobilien.de\/karl\/wp-content\/uploads\/wohlfuehlen_zuhause_03-1200x800.jpg 1200w, https:\/\/www.molitor-immobilien.de\/karl\/wp-content\/uploads\/wohlfuehlen_zuhause_03.jpg 1920w\" sizes=\"(max-width: 600px) 100vw, 600px\" \/>[\/vc_column_text][vc_column_text el_class=&#8220;center&#8220;]<\/p>\n<h3>Stellpl\u00e4tze f\u00fcr E-Mobilit\u00e4t vorbereitet<\/h3>\n<p>[\/vc_column_text][vc_column_text]<img decoding=\"async\" loading=\"lazy\" src=\"https:\/\/www.molitor-immobilien.de\/karl\/wp-content\/uploads\/Wohn-Esszimmer-2.jpg\" alt=\"\" width=\"1022\" height=\"768\" class=\"alignnone size-full wp-image-553\" srcset=\"https:\/\/www.molitor-immobilien.de\/karl\/wp-content\/uploads\/Wohn-Esszimmer-2.jpg 1022w, https:\/\/www.molitor-immobilien.de\/karl\/wp-content\/uploads\/Wohn-Esszimmer-2-600x451.jpg 600w, https:\/\/www.molitor-immobilien.de\/karl\/wp-content\/uploads\/Wohn-Esszimmer-2-350x263.jpg 350w\" sizes=\"(max-width: 1022px) 100vw, 1022px\" \/>[\/vc_column_text][vc_column_text]<img decoding=\"async\" loading=\"lazy\" src=\"https:\/\/www.molitor-immobilien.de\/karl\/wp-content\/uploads\/Kinderzimmer-2.jpg\" alt=\"\" width=\"1020\" height=\"768\" class=\"alignnone size-full wp-image-551\" srcset=\"https:\/\/www.molitor-immobilien.de\/karl\/wp-content\/uploads\/Kinderzimmer-2.jpg 1020w, https:\/\/www.molitor-immobilien.de\/karl\/wp-content\/uploads\/Kinderzimmer-2-600x452.jpg 600w, https:\/\/www.molitor-immobilien.de\/karl\/wp-content\/uploads\/Kinderzimmer-2-350x264.jpg 350w\" sizes=\"(max-width: 1020px) 100vw, 1020px\" \/>[\/vc_column_text][vc_column_text]<img decoding=\"async\" loading=\"lazy\" src=\"https:\/\/www.molitor-immobilien.de\/karl\/wp-content\/uploads\/Penthouse-Wohnen2-1-scaled.jpg\" alt=\"Karl in Kastel PH\" width=\"2560\" height=\"1920\" class=\"alignnone size-full wp-image-612\" srcset=\"https:\/\/www.molitor-immobilien.de\/karl\/wp-content\/uploads\/Penthouse-Wohnen2-1-scaled.jpg 2560w, https:\/\/www.molitor-immobilien.de\/karl\/wp-content\/uploads\/Penthouse-Wohnen2-1-600x450.jpg 600w, https:\/\/www.molitor-immobilien.de\/karl\/wp-content\/uploads\/Penthouse-Wohnen2-1-1200x900.jpg 1200w, https:\/\/www.molitor-immobilien.de\/karl\/wp-content\/uploads\/Penthouse-Wohnen2-1-350x263.jpg 350w, https:\/\/www.molitor-immobilien.de\/karl\/wp-content\/uploads\/Penthouse-Wohnen2-1-1024x768.jpg 1024w, https:\/\/www.molitor-immobilien.de\/karl\/wp-content\/uploads\/Penthouse-Wohnen2-1-1536x1152.jpg 1536w, https:\/\/www.molitor-immobilien.de\/karl\/wp-content\/uploads\/Penthouse-Wohnen2-1-2048x1536.jpg 2048w, https:\/\/www.molitor-immobilien.de\/karl\/wp-content\/uploads\/Penthouse-Wohnen2-1-1920x1440.jpg 1920w\" sizes=\"(max-width: 2560px) 100vw, 2560px\" \/>[\/vc_column_text][vc_column_text]<img decoding=\"async\" loading=\"lazy\" src=\"https:\/\/www.molitor-immobilien.de\/karl\/wp-content\/uploads\/Penthouse.jpg\" alt=\"Karl in Mainz-Kastel Penthouse\" width=\"2560\" height=\"1920\" class=\"alignnone size-full wp-image-633\" srcset=\"https:\/\/www.molitor-immobilien.de\/karl\/wp-content\/uploads\/Penthouse.jpg 2560w, https:\/\/www.molitor-immobilien.de\/karl\/wp-content\/uploads\/Penthouse-600x450.jpg 600w, https:\/\/www.molitor-immobilien.de\/karl\/wp-content\/uploads\/Penthouse-1200x900.jpg 1200w, https:\/\/www.molitor-immobilien.de\/karl\/wp-content\/uploads\/Penthouse-350x263.jpg 350w, https:\/\/www.molitor-immobilien.de\/karl\/wp-content\/uploads\/Penthouse-1024x768.jpg 1024w, https:\/\/www.molitor-immobilien.de\/karl\/wp-content\/uploads\/Penthouse-1536x1152.jpg 1536w, https:\/\/www.molitor-immobilien.de\/karl\/wp-content\/uploads\/Penthouse-2048x1536.jpg 2048w, https:\/\/www.molitor-immobilien.de\/karl\/wp-content\/uploads\/Penthouse-1920x1440.jpg 1920w\" sizes=\"(max-width: 2560px) 100vw, 2560px\" \/>[\/vc_column_text][\/vc_column_inner][vc_column_inner width=&#8220;1\/3&#8243;][vc_column_text]<img decoding=\"async\" loading=\"lazy\" src=\"https:\/\/www.molitor-immobilien.de\/karl\/wp-content\/uploads\/myrenzbox_pic.png\" alt=\"Renz Box\" class=\"alignnone size-full wp-image-236\" width=\"418\" height=\"279\" srcset=\"https:\/\/www.molitor-immobilien.de\/karl\/wp-content\/uploads\/myrenzbox_pic.png 418w, https:\/\/www.molitor-immobilien.de\/karl\/wp-content\/uploads\/myrenzbox_pic-350x234.png 350w\" sizes=\"(max-width: 418px) 100vw, 418px\" \/>[\/vc_column_text][vc_column_text el_class=&#8220;center&#8220;]<\/p>\n<h3>Moderne Paketstation im Haus<\/h3>\n<p>[\/vc_column_text][vc_column_text]<img decoding=\"async\" loading=\"lazy\" src=\"https:\/\/www.molitor-immobilien.de\/karl\/wp-content\/uploads\/Bad-1.jpg\" alt=\"\" width=\"1021\" height=\"768\" class=\"alignnone size-full wp-image-557\" srcset=\"https:\/\/www.molitor-immobilien.de\/karl\/wp-content\/uploads\/Bad-1.jpg 1021w, https:\/\/www.molitor-immobilien.de\/karl\/wp-content\/uploads\/Bad-1-600x451.jpg 600w, https:\/\/www.molitor-immobilien.de\/karl\/wp-content\/uploads\/Bad-1-350x263.jpg 350w\" sizes=\"(max-width: 1021px) 100vw, 1021px\" \/>[\/vc_column_text][vc_column_text]<img decoding=\"async\" loading=\"lazy\" src=\"https:\/\/www.molitor-immobilien.de\/karl\/wp-content\/uploads\/Wohnbereich-2.jpg\" alt=\"\" width=\"1021\" height=\"768\" class=\"alignnone size-full wp-image-549\" srcset=\"https:\/\/www.molitor-immobilien.de\/karl\/wp-content\/uploads\/Wohnbereich-2.jpg 1021w, https:\/\/www.molitor-immobilien.de\/karl\/wp-content\/uploads\/Wohnbereich-2-600x451.jpg 600w, https:\/\/www.molitor-immobilien.de\/karl\/wp-content\/uploads\/Wohnbereich-2-350x263.jpg 350w\" sizes=\"(max-width: 1021px) 100vw, 1021px\" \/>[\/vc_column_text][vc_column_text]<img decoding=\"async\" loading=\"lazy\" src=\"https:\/\/www.molitor-immobilien.de\/karl\/wp-content\/uploads\/Dachterrasse2-scaled.jpg\" alt=\"\" width=\"2560\" height=\"1920\" class=\"alignnone size-full wp-image-628\" srcset=\"https:\/\/www.molitor-immobilien.de\/karl\/wp-content\/uploads\/Dachterrasse2-scaled.jpg 2560w, https:\/\/www.molitor-immobilien.de\/karl\/wp-content\/uploads\/Dachterrasse2-600x450.jpg 600w, https:\/\/www.molitor-immobilien.de\/karl\/wp-content\/uploads\/Dachterrasse2-1200x900.jpg 1200w, https:\/\/www.molitor-immobilien.de\/karl\/wp-content\/uploads\/Dachterrasse2-350x263.jpg 350w, https:\/\/www.molitor-immobilien.de\/karl\/wp-content\/uploads\/Dachterrasse2-1024x768.jpg 1024w, https:\/\/www.molitor-immobilien.de\/karl\/wp-content\/uploads\/Dachterrasse2-1536x1152.jpg 1536w, https:\/\/www.molitor-immobilien.de\/karl\/wp-content\/uploads\/Dachterrasse2-2048x1536.jpg 2048w, https:\/\/www.molitor-immobilien.de\/karl\/wp-content\/uploads\/Dachterrasse2-1920x1440.jpg 1920w\" sizes=\"(max-width: 2560px) 100vw, 2560px\" \/>[\/vc_column_text][vc_column_text]<img decoding=\"async\" loading=\"lazy\" src=\"https:\/\/www.molitor-immobilien.de\/karl\/wp-content\/uploads\/Penthouse-Wohnen.jpg\" alt=\"Karl in Mainz-Kastel Penthouse\" width=\"2560\" height=\"1920\" class=\"alignnone size-full wp-image-635\" srcset=\"https:\/\/www.molitor-immobilien.de\/karl\/wp-content\/uploads\/Penthouse-Wohnen.jpg 2560w, https:\/\/www.molitor-immobilien.de\/karl\/wp-content\/uploads\/Penthouse-Wohnen-600x450.jpg 600w, https:\/\/www.molitor-immobilien.de\/karl\/wp-content\/uploads\/Penthouse-Wohnen-1200x900.jpg 1200w, https:\/\/www.molitor-immobilien.de\/karl\/wp-content\/uploads\/Penthouse-Wohnen-350x263.jpg 350w, https:\/\/www.molitor-immobilien.de\/karl\/wp-content\/uploads\/Penthouse-Wohnen-1024x768.jpg 1024w, https:\/\/www.molitor-immobilien.de\/karl\/wp-content\/uploads\/Penthouse-Wohnen-1536x1152.jpg 1536w, https:\/\/www.molitor-immobilien.de\/karl\/wp-content\/uploads\/Penthouse-Wohnen-2048x1536.jpg 2048w, https:\/\/www.molitor-immobilien.de\/karl\/wp-content\/uploads\/Penthouse-Wohnen-1920x1440.jpg 1920w\" sizes=\"(max-width: 2560px) 100vw, 2560px\" \/>[\/vc_column_text][\/vc_column_inner][\/vc_row_inner][\/vc_column][\/vc_row][vc_row parallax=&#8220;content-moving&#8220; parallax_image=&#8220;217&#8243;][vc_column][\/vc_column][\/vc_row]<\/p>\n<\/section>","protected":false},"excerpt":{"rendered":"<p>[vc_row el_class=&#8220;welle_kurz_boot&#8220; el_id=&#8220;intro&#8220;][vc_column][vc_column_text] Wohnen im Karl Karl bietet Wohnen mit ganz viel Lebensqualit\u00e4t. [\/vc_column_text][vc_column_text el_class=&#8220;big&#8220;]So individuell wie die Bewohner sind auch die Grundrisse der modern gestalteten Mietwohnungen. Von dem gem\u00fctlichen 1-Zimmerappartement bis zur weitl\u00e4ufigen Penthouse-Wohnung, hier findet jeder das passende Zuhause. Bei jeder Wohnung dabei: Ein Balkon bzw. Terrasse, Loggia oder Dachterrasse. Au\u00dferdem ein Keller &hellip; <a href=\"https:\/\/www.molitor-immobilien.de\/karl\/de\/wohnungen\/\" class=\"more-link\">Continue reading<span class=\"screen-reader-text\"> &#8222;Wohnungen&#8220;<\/span><\/a><\/p>\n","protected":false},"author":1,"featured_media":115,"parent":0,"menu_order":2,"comment_status":"closed","ping_status":"closed","template":"","meta":[],"acf":[],"_links":{"self":[{"href":"https:\/\/www.molitor-immobilien.de\/karl\/de\/wp-json\/wp\/v2\/pages\/42"}],"collection":[{"href":"https:\/\/www.molitor-immobilien.de\/karl\/de\/wp-json\/wp\/v2\/pages"}],"about":[{"href":"https:\/\/www.molitor-immobilien.de\/karl\/de\/wp-json\/wp\/v2\/types\/page"}],"author":[{"embeddable":true,"href":"https:\/\/www.molitor-immobilien.de\/karl\/de\/wp-json\/wp\/v2\/users\/1"}],"replies":[{"embeddable":true,"href":"https:\/\/www.molitor-immobilien.de\/karl\/de\/wp-json\/wp\/v2\/comments?post=42"}],"version-history":[{"count":0,"href":"https:\/\/www.molitor-immobilien.de\/karl\/de\/wp-json\/wp\/v2\/pages\/42\/revisions"}],"wp:featuredmedia":[{"embeddable":true,"href":"https:\/\/www.molitor-immobilien.de\/karl\/de\/wp-json\/wp\/v2\/media\/115"}],"wp:attachment":[{"href":"https:\/\/www.molitor-immobilien.de\/karl\/de\/wp-json\/wp\/v2\/media?parent=42"}],"curies":[{"name":"wp","href":"https:\/\/api.w.org\/{rel}","templated":true}]}}