{"id":279,"date":"2024-05-28T17:39:43","date_gmt":"2024-05-28T15:39:43","guid":{"rendered":"https:\/\/www.molitor-immobilien.de\/innovationlabz\/data-protection\/"},"modified":"2026-03-30T10:46:32","modified_gmt":"2026-03-30T08:46:32","slug":"data-protection","status":"publish","type":"page","link":"https:\/\/www.molitor-immobilien.de\/innovationlabz\/en\/data-protection\/","title":{"rendered":"Data protection"},"content":{"rendered":"<div class=\"wpb-content-wrapper\"><p>[vc_row el_id=&#8221;stage&#8221;][vc_column][\/vc_column][\/vc_row][vc_row el_id=&#8221;intro&#8221;][vc_column el_class=&#8221;introbox&#8221;][vc_column_text css=&#8221;&#8221; el_class=&#8221;megahead paragraph&#8221;]<\/p>\n<h1><span>Data protection<\/span><\/h1>\n<h2>InnovationLabz \u2013 Data protection<\/h2>\n<p>[\/vc_column_text][vc_row_inner el_class=&#8221;datenschutz small&#8221;][vc_column_inner][vc_column_text css=&#8221;&#8221;]<\/p>\n<p>Wir freuen uns \u00fcber Ihren Besuch auf unserer Internetseite InnovationLabz (<a href=\"https:\/\/www.molitor-immobilien.de\">www.molitor-immobilien.de) <\/a>und Ihr Interesse an unserem Unternehmen. Der Schutz Ihrer personenbezogenen Daten ist uns ein wichtiges Anliegen. Personenbezogene Daten sind Informationen \u00fcber pers\u00f6nliche oder sachliche Verh\u00e4ltnisse einer bestimmten oder bestimmbaren nat\u00fcrlichen Person.  Darunter fallen z.B. der b\u00fcrgerliche Name, die Anschrift, die Telefonnummer und das Geburtsdatum, aber auch alle anderen Daten, die auf eine bestimmbare Person bezogen werden k\u00f6nnen.<\/p>\n<p>Da personenbezogene Daten besonderen gesetzlichen Schutz genie\u00dfen, werden sie bei uns nur im soweit dies f\u00fcr die Bereitstellung unserer Internetseite und die Erbringung unserer Leistung erforderlich ist erhoben. Nachfolgend stellen wir dar, welche personenbezogenen Informationen wir w\u00e4hrend Ihres Besuches auf unserer Internetseite erfassen und wie wir diese nutzen. <\/p>\n<p>Unsere Datenschutzpraxis steht im Einklang mit den gesetzlichen Regelungen, insbesondere denen des Bundesdatenschutzgesetzes (BDSG), des Telemediengesetzes (TMG) und der Datenschutzgrundverordnung der EU (DSGVO). Wir werden Ihre personenbezogenen Daten ausschlie\u00dflich erheben, verarbeiten und speichern, soweit dies zur funktionsf\u00e4higen Bereitstellung dieser Internetseite und unserer Inhalte und Leistungen erforderlich ist, sowie zur Bearbeitung von Anfragen und ggf. zur Abwicklung von Bestellungen \/ Vertr\u00e4gen, dies jeweils aber nur, soweit hierf\u00fcr ein berechtigtes Interesse i.S.d. Art. 6 Abs. 1 S.1 lit. f DSGVO oder ein sonstiger Erlaubnistatbestand besteht. Nur wenn Sie zuvor Ihre Einwilligung gesondert erteilt haben, erfolgt eine Nutzung Ihrer Daten auch f\u00fcr weitergehende, in der Einwilligung genau bestimmte Zwecke, z.B. f\u00fcr die \u00dcbersendung von werblichen Informationen per Newsletter.[\/vc_column_text][vc_column_text]<\/p>\n<h3>Verantwortlicher i.S.d. Art. 4 Abs. 7 DSGVO<\/h3>\n<p>Verantwortlicher im Sinne der DSGVO und anderer nationaler Datenschutzgesetze der Mitgliedsstaaten sowie sonstiger datenschutzrechtlicher Bestimmungen ist:<br \/>\nJ. Molitor Immobilien GmbH<br \/>\nRheinstra\u00dfe 194 b<br \/>\n55218 Ingelheim am Rhein<br \/>\nE-Mail: <a href=\"mailto:info@molitor-immobilien.de\">info@molitor-immobilien.de<\/a><br \/>\nFax: +49 (0) 6132 &#8211; 9955-90[\/vc_column_text][vc_column_text]<\/p>\n<h3>Name und Anschrift des Datenschutzbeauftragten<\/h3>\n<p>Name: Simon Hauprich<br \/>\nAnschrift: Karl Gem\u00fcnden GmbH &amp; Co. KG, Rheinstra\u00dfe 194b, 55218 Ingelheim am Rhein<br \/>\nE-Mail: <a href=\"mailto:datenschutz@molitor-immobilien.de\">datenschutz@molitor-immobilien.de<\/a><\/p>\n<p>[\/vc_column_text][vc_column_text]<\/p>\n<h3>Bereitstellung der Website und Erstellung von Logfiles<\/h3>\n<p>Bei jedem Aufruf unserer Internetseite erfasst unser System automatisiert Daten und Informationen des Computersystems des aufrufenden Rechners. Folgende Daten werden hierbei erhoben:<\/p>\n<p><strong>Umfang der Verarbeitung der Daten<\/strong><\/p>\n<ul>\n<li>Informationen \u00fcber den Browsertyp und die verwendete Version<\/li>\n<li>Das Betriebssystem des Abrufger\u00e4tes<\/li>\n<li>Die IP-Adresse des Abrufger\u00e4tes<\/li>\n<li>Datum und Uhrzeit des Zugriffs<\/li>\n<li>Websites und Ressourcen (Bilder, Dateien, weitere Seiteninhalte), die auf unserer Internetseite aufgerufen wurden.<\/li>\n<li>Websites, von denen das System des Nutzers auf unsere Internetseite gelangte (Referrer-Tracking)<br \/>\nDiese Daten werden in den Logfiles unseres Systems gespeichert. Eine Speicherung dieser Daten zusammen mit personenbezogenen Daten eines konkreten Nutzers findet nicht statt, so dass eine Identifizierung einzelner Seitenbesucher nicht erfolgt.<\/li>\n<\/ul>\n<p>[\/vc_column_text][vc_column_text]<\/p>\n<h3>Rechtsgrundlage f\u00fcr die Verarbeitung personenbezogener Daten<\/h3>\n<p>Art. 6 Abs.1 lit.f DSGVO (berechtigtes Interesse). Unser berechtigtes Interesse besteht darin, die Erreichung des nachfolgend geschilderten Zwecks zu gew\u00e4hrleisten.[\/vc_column_text][vc_column_text]<\/p>\n<h3>Zweck der Datenverarbeitung<\/h3>\n<p>Das Logging erfolgt zur Erhaltung der Kompatibilit\u00e4t unsere Internetseite f\u00fcr m\u00f6glichst alle Besucher und zur Missbrauchsbek\u00e4mpfung und St\u00f6rungsbeseitigung. Hierf\u00fcr ist es notwendig, die technischen Daten des abrufenden Rechners zu loggen, um so fr\u00fchestm\u00f6glich auf Darstellungsfehler, Angriffe auf unsere IT-Systeme und\/oder Fehler der Funktionalit\u00e4t unserer Internetseite reagieren zu k\u00f6nnen. Zudem dienen uns die Daten zur Optimierung der Website und zur generellen Sicherstellung der Sicherheit unserer informationstechnischen Systeme.<\/p>\n<p>[\/vc_column_text][vc_column_text]<\/p>\n<h3>Dauer der Speicherung<\/h3>\n<p>Die L\u00f6schung der vorgenannten technischen Daten erfolgt, sobald sie nicht mehr ben\u00f6tigt werden, um die Kompatibilit\u00e4t der Internetseite f\u00fcr alle Besucher zu gew\u00e4hrleisten, sp\u00e4testens aber 3 Monate nach Abruf unserer Internetseite.<\/p>\n<p>[\/vc_column_text][vc_column_text]<\/p>\n<h3>Widerspruchs- und Beseitigungsm\u00f6glichkeit<\/h3>\n<p>Die Widerspruchs- und Beseitigungsm\u00f6glichkeiten richten sich nach den nachfolgend in dieser Datenschutzerkl\u00e4rung geschilderten generellen Regelungen zum datenschutzrechtlichen Widerspruchsrecht und L\u00f6schungsanspruch.<\/p>\n<p>[\/vc_column_text][vc_column_text]<\/p>\n<h3>Besondere Funktionen unserer Internetseite<\/h3>\n<p>Unsere Internetseite bietet Ihnen verschiedene Funktionen, bei deren Nutzung Ihre personenbezogenen Daten von uns erhoben, verarbeitet und gespeichert werden. Nachfolgend erkl\u00e4ren wir, was mit Ihren Daten geschieht:<\/p>\n<p><strong>Kontaktformular(e):<\/strong><\/p>\n<ul>\n<li><strong>Umfang der Verarbeitung personenbezogener Daten<\/strong><br \/>\nDie von Ihnen in unsere Kontaktformulare eingegebenen Daten.<\/li>\n<li><strong>Rechtsgrundlage f\u00fcr die Verarbeitung personenbezogener Daten<\/strong><br \/>\nArt. 6 Abs. 1 lit.a DSGVO (stillschweigende Einwilligung)<\/li>\n<li><strong>Zweck der Datenverarbeitung<\/strong><br \/>\nDie \u00fcber unser Kontaktformular bzw. \u00fcber unsere Kontaktformulare aufgenommenen Daten werden wir nur f\u00fcr die Bearbeitung der konkreten Kontaktanfrage verwenden, die durch das Kontaktformular eingeht.<\/li>\n<li><strong>Dauer der Speicherung<\/strong><br \/>\nNach Bearbeitung Ihrer Anfrage werden die erhobenen Daten unverz\u00fcglich gel\u00f6scht, soweit keine gesetzlichen Aufbewahrungsfristen bestehen.<\/li>\n<li><strong>Widerspruchs- und Beseitigungsm\u00f6glichkeit<\/strong><br \/>\nDie Widerspruchs- und Beseitigungsm\u00f6glichkeiten richten sich nach den nachfolgend in dieser Datenschutzerkl\u00e4rung geschilderten generellen Regelungen zum datenschutzrechtlichen Widerspruchsrecht und L\u00f6schungsanspruch.<strong><\/strong><br \/>\n<strong><\/strong><\/li>\n<\/ul>\n<p><strong>Formular zur Newsletter-Anmeldung:<\/strong><\/p>\n<ul>\n<li><strong>Umfang der Verarbeitung personenbezogener Daten<\/strong><br \/>\nDie von Ihnen bei der Newsletter-Anmeldung eingegebenen Daten.<\/li>\n<li><strong>Rechtsgrundlage f\u00fcr die Verarbeitung personenbezogener Daten<\/strong><br \/>\nArt. 6 Abs.1 lit. a DSGVO (stillschweigende Einwilligung)<\/li>\n<li><strong>Zweck der Datenverarbeitung<\/strong><br \/>\nDie in der Anmeldemaske unseres Newsletters aufgenommenen Daten werden von uns ausschlie\u00dflich f\u00fcr den Versand unseres Newsletters verwendet, in dem wir \u00fcber alle unsere Leistungen und unsere Neuigkeiten informieren. Wir werden Ihnen nach der Anmeldung eine Best\u00e4tigungs-E-Mail senden, in der ein Link enthalten ist, den Sie anklicken m\u00fcssen, um die Anmeldung zu unserem Newsletter abzuschlie\u00dfen (Double-Opt-In).<\/li>\n<li><strong>Dauer der Speicherung<\/strong><br \/>\nUnser Newsletter kann jederzeit durch Anklicken des Abmelde-Links, der auch in jedem Newsletter enthalten ist, abbestellt werden. Ihre Daten werden unverz\u00fcglich nach der Abmeldung von uns gel\u00f6scht. Ebenso werden Ihre Daten im Falle einer nicht abgeschlossenen Anmeldung unverz\u00fcglich von uns gel\u00f6scht. Wir behalten uns die L\u00f6schung ohne Angaben von Gr\u00fcnden und ohne vorherige oder nachtr\u00e4gliche Information vor.<\/li>\n<li><strong>Widerspruchs- und Beseitigungsm\u00f6glichkeit<\/strong><br \/>\nDie Widerspruchs- und Beseitigungsm\u00f6glichkeiten richten sich nach den nachfolgend in dieser Datenschutzerkl\u00e4rung geschilderten generellen Regelungen zum datenschutzrechtlichen Widerspruchsrecht und L\u00f6schungsanspruch.<\/li>\n<\/ul>\n<p>[\/vc_column_text][vc_column_text]<\/p>\n<h3>Statistische Auswertung der Besuche dieser Internetseite &#8211; Webtracker<\/h3>\n<p>Wir erheben, verarbeiten und speichern bei dem Aufruf dieser Internetseite oder einzelner Dateien der Internetseite folgende Daten: IP-Adresse, Webseite, von der aus die Datei abgerufen wurde, Name der Datei, Datum und Uhrzeit des Abrufs, \u00fcbertragene Datenmenge und Meldung \u00fcber den Erfolg des Abrufs (sog. Web-Log). Diese Zugriffsdaten verwenden wir ausschlie\u00dflich in nicht personalisierter Form f\u00fcr die stetige Verbesserung unseres Internetangebots und zu statistischen Zwecken.<br \/>\nWir setzen zur Auswertung der Besuche dieser Internetseite zudem noch folgende Webtracker ein:<\/p>\n<p>[\/vc_column_text][vc_column_text]<\/p>\n<h3><strong>Google-Analytics<\/strong><\/h3>\n<p><strong>Umfang der Verarbeitung personenbezogener Daten<\/strong><br \/>\nAuf unserer Seite verwenden wir den Webtracking-Service des Unternehmens Google LLC, 1600 Amphitheatre Park in 94043 Mountain View, USA (nachfolgend: Google-Analytics). Google-Analytics nutzt im Rahmen des Webtrackings Cookies, die auf Ihrem Computer gespeichert werden und die eine Analyse der Benutzung unserer Website und Ihres Surfverhaltens erm\u00f6glichen (sogenanntes Tracken). Wir f\u00fchren diese Analyse auf Basis des Tracking-Services von Google-Analytics durch, um unser Internetangebot st\u00e4ndig zu optimieren und besser verf\u00fcgbar zu machen. Im Rahmen der Benutzung unserer Webseite werden dabei Daten, wie insbesondere Ihre IP-Adresse und Ihre Nutzeraktivit\u00e4ten an Server des Unternehmens Google LLC \u00fcbertragen und au\u00dferhalb der Europ\u00e4ischen Union, z.B. in den USA verarbeitet und gespeichert.<br \/>\nDie EU-Kommission hat festgestellt, dass in den USA ein angemessenes Datenschutzniveau bestehen kann, wenn sich das datenverarbeitende Unternehmen dem US-EU-Privacy-Shield Abkommen unterworfen hat und der Datenexport in die USA auf diesem Weg zul\u00e4ssig ausgestaltet wurde. Durch die Aktivierung der IP-Anonymisierung innerhalb des Google-Analytics Tracking-Codes dieser Internetseite, wird Ihre IP-Adresse von Google-Analytics vor der \u00dcbertragung anonymisiert. Diese Website nutzt einen Google-Analytics-Tracking-Code, der um den Operator gat._anonymizeIp(); erweitert wurde, um nur eine anonymisierte Erfassung von IP-Adressen (sog. IP-Masking) zu erm\u00f6glichen.[\/vc_column_text][vc_column_text]<strong>Rechtsgrundlage f\u00fcr die Verarbeitung personenbezogener Daten<\/strong><br \/>\nArt. 6 Abs.1 lit.a DSGVO (Einwilligung), entweder im Rahmen der Registrierung bei Google (Er\u00f6ffnung eines Google-Accounts und Akzeptanz der dort implementierten Datenschutzhinweise) oder, falls Sie sich nicht bei Google registriert haben, durch explizite Einwilligung beim \u00d6ffnen unserer Seite.[\/vc_column_text][vc_column_text]<strong>Zweck der Datenverarbeitung<\/strong><br \/>\nIm unserem Auftrag wird Google diese Informationen nutzen, um Ihren Besuch auf dieser Internetseite auszuwerten, Reports \u00fcber die Websiteaktivit\u00e4ten zusammenzustellen und um weitere mit der Websitenutzung und der Internetnutzung verbundene Dienstleistungen gegen\u00fcber uns zu erbringen. Die im Rahmen von Google-Analytics von Ihrem Browser \u00fcbermittelte IP-Adresse wird nicht mit anderen Daten der Google LLC zusammengef\u00fchrt.[\/vc_column_text][vc_column_text]<strong>Dauer der Speicherung<\/strong><br \/>\nGoogle wird die f\u00fcr die Bereitstellung des Webtracking relevanten Daten solange speichern, wie es notwendig ist, um den gebuchten Webservice zu erf\u00fcllen. Die Datenerhebung und Speicherung erfolgt anonymisiert. Soweit doch Personenbezug bestehen sollte, werden die Daten unverz\u00fcglich gel\u00f6scht, soweit diese keinen gesetzlichen Aufbewahrungspflichten unterfallen. In jedem Fall erfolgt die L\u00f6schung nach Ablauf der Aufbewahrungspflicht.[\/vc_column_text][vc_column_text]<strong>Widerspruchs- und Beseitigungsm\u00f6glichkeit<\/strong><br \/>\nSie k\u00f6nnen die Erfassung und Weiterleitung der personenbezogenen Daten an Google (insb. Ihrer IP-Adresse) sowie die Verarbeitung dieser Daten durch Google verhindern, indem Sie die Ausf\u00fchrung von Script-Code in Ihrem Browser deaktivieren, einen Script-Blocker in Ihrem Browser installieren (diesen finden Sie z.B. unter www.noscript.net oder www.ghostery.com) oder die \u201eDo Not Track\u201c Einstellung Ihres Browsers aktivieren. Sie k\u00f6nnen dar\u00fcber hinaus die Erfassung der durch den Google-Cookie erzeugten und auf Ihre Nutzung der Website bezogenen Daten (inkl. Ihrer IP-Adresse) an Google sowie die Verarbeitung dieser Daten durch Google verhindern, indem Sie das unter dem folgenden Link () verf\u00fcgbare Browser-Plug-In herunterladen und installieren. Die Sicherheits- und Datenschutzgrunds\u00e4tze von Google-Analytics finden Sie unter<\/p>\n<p>[\/vc_column_text][vc_column_text]<\/p>\n<h3>Unterrichtung \u00fcber die Nutzung von Cookies<\/h3>\n<p><strong>Umfang der Verarbeitung personenbezogener Daten<\/strong><br \/>\nAuf verschiedenen Seiten verwenden wir Cookies, um die Nutzung bestimmter Funktionen unserer Website zu erm\u00f6glichen. Bei den sog. &#8216;Cookies&#8217; handelt es sich um kleine Textdateien, die Ihr Browser auf Ihrem Rechner ablegen kann. Diese Textdateien enthalten eine charakteristische Zeichenfolge, die eine eindeutige Identifizierung des Browsers beim erneuten Aufrufen unserer Website erm\u00f6glichen Der Vorgang des Ablegens einer Cookie-Datei wird auch &#8216;ein Cookie setzen&#8217; genannt.<\/p>\n<p><strong>Rechtsgrundlage f\u00fcr die Verarbeitung personenbezogener Daten<\/strong><br \/>\nArt. 6 Abs.1 lit. f DSGVO (berechtigtes Interesse). Unser berechtigtes Interesse besteht in der Erhaltung der vollen Funktionsf\u00e4higkeit unserer Internetseite, die Steigerung der Bedienbarkeit sowie die Erm\u00f6glichung einer individuelleren Kundenansprache. Eine Identifizierung einzelner Seitenbesucher ist uns mit Hilfe der Cookie-Technologie nur m\u00f6glich, wenn der Seitenbesucher uns zuvor auf Basis einer gesonderten Einwilligung entsprechende personenbezogene Daten \u00fcberlassen hat.<\/p>\n<p><strong>Zweck der Datenverarbeitung<\/strong><br \/>\nDie Cookies werden von unserer Website gesetzt, um die volle Funktionsf\u00e4higkeit unserer Internetseite zu erhalten und die Bedienbarkeit zu verbessern. Zudem erm\u00f6glicht uns die Cookie-Technologie, einzelne Besucher durch Pseudonyme, z.B. eine individuelle, beliebige ID, wiederzuerkennen, so dass es uns m\u00f6glich ist, individuellere Leistungen anzubieten.<\/p>\n<p><strong>Dauer der Speicherung<\/strong><br \/>\nDie Speicherung unserer Cookies erfolgt bis zur L\u00f6schung in Ihrem Browser oder, wenn es sich um einen Session-Cookie handelt, bis die Session abgelaufen ist.<\/p>\n<p><strong>Widerspruchs- und Beseitigungsm\u00f6glichkeit<\/strong><br \/>\nSie k\u00f6nnen Ihren Browser selbst nach Ihren W\u00fcnschen so einstellen, dass Sie das Setzen von Cookies generell verhindern, nur dar\u00fcber informiert werden, von Fall zu Fall \u00fcber die Annahme von Cookies entscheiden: oder die Annahme von Cookies grunds\u00e4tzlich akzeptieren. Cookies k\u00f6nnen zu unterschiedlichen Zwecken eingesetzt werden, z.B. um zu erkennen, dass Ihr PC schon einmal eine Verbindung zu unserem Webangebot hatte (dauerhafte Cookies) oder um zuletzt angesehene Angebote zu speichern (Sitzungs-Cookies). Wir setzen Cookies ein, um Ihnen einen gesteigerten Benutzerkomfort zu bieten. Um unsere Komfortfunktionen zu nutzen, empfehlen wir Ihnen, die Annahme von Cookies f\u00fcr unser Webangebot zu erlauben.<\/p>\n<p>Die Widerspruchs- und Beseitigungsm\u00f6glichkeiten richten sich im \u00dcbrigen nach den nachfolgend in dieser Datenschutzerkl\u00e4rung geschilderten generellen Regelungen zum datenschutzrechtlichen Widerspruchsrecht und L\u00f6schungsanspruch.<\/p>\n<p>[\/vc_column_text][vc_column_text css=&#8221;&#8221;]<\/p>\n<h3>Privacy Notice for the Use of LEADxperience (LXP) Technology<\/h3>\n<p>This website uses the LEADxperience (LXP) technology provided by LEADxperience GmbH to optimize marketing and sales activities. The processing is based on the website operator&#8217;s legitimate interest in business development (Article 6(1)(f) GDPR). <\/p>\n<p>LXP identifies companies visiting this website based on IP addresses. This is done exclusively to detect company-related traffic. No personal data is collected or stored at any time. Company identification is based on comparison with internal databases and uses privacy-friendly anonymization techniques.   <\/p>\n<p>Non-business IP addresses are anonymized early in the process and stored for a maximum of 60 days solely to improve system performance. No individual person can be identified. LXP does not use cookies, device fingerprinting, or store any data on the user&#8217;s device.  <\/p>\n<p><strong>Right to object:<\/strong><br \/>\nIf you wish to object to the pseudonymized processing of your company data, please contact the website<br \/>operator or reach out to: <a href=\"mailto:datenschutz@leadxperience.de\">datenschutz@leadxperience.de<\/a>.<\/p>\n<p>Further information:: <a href=\"https:\/\/www.leadxperience.de\/datenschutz\" target=\"_blank\">www.leadxperience.de\/datenschutz<\/a>[\/vc_column_text][vc_column_text]<\/p>\n<h3>Datensicherheit und Datenschutz, Kommunikation per E-Mail<\/h3>\n<p>Ihre personenbezogenen Daten werden durch technische und organisatorische Ma\u00dfnahmen so bei der Erhebung, Speicherung und Verarbeitung gesch\u00fctzt, dass sie f\u00fcr Dritte nicht zug\u00e4nglich sind. Bei einer unverschl\u00fcsselten Kommunikation per E-Mail kann die vollst\u00e4ndige Datensicherheit auf dem \u00dcbertragungsweg zu unseren IT-Systemen von uns nicht gew\u00e4hrleistet werden, sodass wir bei Informationen mit hohem Geheimhaltungsbed\u00fcrfnis eine verschl\u00fcsselte Kommunikation oder den Postweg empfehlen.[\/vc_column_text][vc_column_text]<\/p>\n<h3>Widerruf von Einwilligungen &#8211; Datenausk\u00fcnfte und \u00c4nderungsw\u00fcnsche \u2013 L\u00f6schung &amp; Sperrung von Daten<\/h3>\n<p>Sie haben einmal pro Jahr ein Recht auf unentgeltliche Auskunft \u00fcber Ihre gespeicherten Daten sowie jederzeit ein Recht auf Berichtigung, Sperrung oder L\u00f6schung Ihrer Daten. Ihre Daten werden von uns auf erstes Anfordern gel\u00f6scht, falls dem nicht gesetzliche Regelungen entgegenstehen. Sie k\u00f6nnen eine uns erteilte Erlaubnis, Ihre pers\u00f6nlichen Daten zu nutzen, also jederzeit widerrufen. Auskunfts-, L\u00f6schungs- und Berichtigungsw\u00fcnsche zu Ihren Daten und gerne auch Anregungen k\u00f6nnen Sie jederzeit an folgende Adresse senden:<\/p>\n<p>J. Molitor Immobilien GmbH<br \/>\nRheinstra\u00dfe 194 b<br \/>\n55218 Ingelheim am Rhein<br \/>\nE-Mail: <a href=\"mailto:info@molitor-immobilien.de\">info@molitor-immobilien.de<\/a><br \/>\nFax: +49 (0) 6132 &#8211; 9955-90<\/p>\n<p>[\/vc_column_text][vc_column_text]<\/p>\n<h3>Beschwerderecht bei der Aufsichtsbeh\u00f6rde gem. Art. 77 I DSGVO<\/h3>\n<p>Sofern Sie den Verdacht haben, dass auf unserer Seite Ihre Daten rechtswidrig verarbeitet werden, k\u00f6nnen Sie selbstverst\u00e4ndlich jederzeit eine gerichtliche Kl\u00e4rung der Problematik herbeif\u00fchren. Unabh\u00e4ngig davon steht Ihnen die M\u00f6glichkeit zur Verf\u00fcgung, sich an eine Aufsichtsbeh\u00f6rde zu wenden. Das Beschwerderecht steht Ihnen in dem EU-Mitgliedstaat Ihres Aufenthaltsortes, Ihres Arbeitsplatzes und\/oder des Orts des vermeintlichen Versto\u00dfes zu, d.h. Sie k\u00f6nnen die Aufsichtsbeh\u00f6rde, an die Sie sich wenden, an den oben genannten Orten w\u00e4hlen. Die Aufsichtsbeh\u00f6rde, bei der die Beschwerde eingereicht wurde, unterrichtet Sie dann \u00fcber den Stand und die Ergebnisse Ihrer Eingabe, einschlie\u00dflich der M\u00f6glichkeit eines gerichtlichen Rechtsbehelfs nach Art. 78 DSGVO.<\/p>\n<p>[\/vc_column_text][\/vc_column_inner][\/vc_row_inner][\/vc_column][\/vc_row]<\/p>\n<\/div>","protected":false},"excerpt":{"rendered":"<p>[vc_row el_id=&#8221;stage&#8221;][vc_column][\/vc_column][\/vc_row][vc_row el_id=&#8221;intro&#8221;][vc_column el_class=&#8221;introbox&#8221;][vc_column_text css=&#8221;&#8221; el_class=&#8221;megahead paragraph&#8221;] Data protection InnovationLabz \u2013 Data protection [\/vc_column_text][vc_row_inner el_class=&#8221;datenschutz small&#8221;][vc_column_inner][vc_column_text css=&#8221;&#8221;] Wir freuen uns \u00fcber Ihren Besuch auf unserer Internetseite InnovationLabz (www.molitor-immobilien.de) und Ihr Interesse an unserem Unternehmen. Der Schutz Ihrer personenbezogenen Daten ist uns ein wichtiges Anliegen. Personenbezogene Daten sind Informationen \u00fcber pers\u00f6nliche oder sachliche Verh\u00e4ltnisse einer bestimmten &hellip; <a href=\"https:\/\/www.molitor-immobilien.de\/innovationlabz\/en\/data-protection\/\" class=\"more-link\">Continue reading<span class=\"screen-reader-text\"> &#8220;Data protection&#8221;<\/span><\/a><\/p>\n","protected":false},"author":1,"featured_media":0,"parent":0,"menu_order":10,"comment_status":"closed","ping_status":"closed","template":"","meta":{"_acf_changed":false,"footnotes":""},"class_list":["post-279","page","type-page","status-publish","hentry"],"acf":[],"_links":{"self":[{"href":"https:\/\/www.molitor-immobilien.de\/innovationlabz\/en\/wp-json\/wp\/v2\/pages\/279","targetHints":{"allow":["GET"]}}],"collection":[{"href":"https:\/\/www.molitor-immobilien.de\/innovationlabz\/en\/wp-json\/wp\/v2\/pages"}],"about":[{"href":"https:\/\/www.molitor-immobilien.de\/innovationlabz\/en\/wp-json\/wp\/v2\/types\/page"}],"author":[{"embeddable":true,"href":"https:\/\/www.molitor-immobilien.de\/innovationlabz\/en\/wp-json\/wp\/v2\/users\/1"}],"replies":[{"embeddable":true,"href":"https:\/\/www.molitor-immobilien.de\/innovationlabz\/en\/wp-json\/wp\/v2\/comments?post=279"}],"version-history":[{"count":0,"href":"https:\/\/www.molitor-immobilien.de\/innovationlabz\/en\/wp-json\/wp\/v2\/pages\/279\/revisions"}],"wp:attachment":[{"href":"https:\/\/www.molitor-immobilien.de\/innovationlabz\/en\/wp-json\/wp\/v2\/media?parent=279"}],"curies":[{"name":"wp","href":"https:\/\/api.w.org\/{rel}","templated":true}]}}