{"id":8,"date":"2024-05-29T10:04:32","date_gmt":"2024-05-29T08:04:32","guid":{"rendered":"https:\/\/www.molitor-immobilien.de\/innovationlabz\/impressum\/"},"modified":"2024-07-10T18:06:50","modified_gmt":"2024-07-10T16:06:50","slug":"impressum","status":"publish","type":"page","link":"https:\/\/www.molitor-immobilien.de\/innovationlabz\/de\/impressum\/","title":{"rendered":"Impressum"},"content":{"rendered":"<div class=\"wpb-content-wrapper\"><p>[vc_row el_id=&#8220;stage&#8220;][vc_column][\/vc_column][\/vc_row][vc_row el_id=&#8220;intro&#8220; el_class=&#8220;small-content&#8220;][vc_column el_class=&#8220;introbox&#8220;][vc_column_text css=&#8220;&#8220; el_class=&#8220;megahead paragraph&#8220;]<\/p>\n<h1><span>Impressum<\/span><\/h1>\n<h2 class=\"white\">Angaben gem\u00e4\u00df \u00a7 5 TMG<\/h2>\n<p>[\/vc_column_text][\/vc_column][vc_column el_class=&#8220;impressum&#8220;][vc_column_text css=&#8220;&#8220;]<\/p>\n<h4>Kontakt<\/h4>\n<p>J. Molitor Immobilien GmbH<br \/>\nRheinstra\u00dfe 194 b<br \/>\n55218 Ingelheim am Rhein<\/p>\n<p>Telefon: 06132 \u2013 9955-50<br \/>\nTelefax: 06132 \u2013 9955-90<\/p>\n<p>E-Mail: info@molitor-immobilien.de[\/vc_column_text][vc_column_text css=&#8220;&#8220;]<\/p>\n<h4>Gesch\u00e4ftsleitung<\/h4>\n<p>F. Albrecht Graf von Pfeil, Tina Badrot, Dipl.-Ing. Tim Gem\u00fcnden, Dipl.-Ing. Lars Heimann, Dipl.-Betriebsw. (FH) Christian Schupp<\/p>\n<p><strong><\/strong>[\/vc_column_text][vc_column_text css=&#8220;&#8220;]<\/p>\n<h4>Registereintrag<\/h4>\n<p>Eintragung im Handelsregister<br \/>\nRegistergericht: AG Mainz<br \/>\nRegisternummer: HRB 21916<\/p>\n<p>Steuernummer 08\/654\/0096\/7, Finanzamt Bingen<\/p>\n<p>Genehmigung nach \u00a7 34 c GewO unter AZ 323010sch\u00e4 am 27.09.1990 erteilt durch das Amt 32 der Stadt Ingelheim am Rhein, Neuer Markt 1, 55218 Ingelheim \u2013 stadtverwaltung@ingelheim.de[\/vc_column_text][vc_column_text css=&#8220;&#8220;]<\/p>\n<h4>Hinweis gem. \u00a7 36 Verbraucherstreitbeilegungsgesetz (VSBG)<\/h4>\n<p>Wir, die J. Molitor Immobilien GmbH, werden nicht an einem Streitbeilegungsverfahren vor einer Verbraucherschlichtungsstelle i.S.d. VSBG teilnehmen und sind hierzu auch nicht verpflichtet.<\/p>\n<p>Aus rein formalen Gr\u00fcnden verweisen wir dar\u00fcber hinaus nachfolgend auf die allgemeine Verbraucherschlichtungsstelle. Bitte beachten Sie, dass es sich dabei um einen externen Link handelt und dieses Angebot nicht von uns betrieben wird: <a href=\"https:\/\/www.verbraucher-schlichter.de\/\">Allgemeine Verbraucherschlichtungsstelle<\/a>[\/vc_column_text][vc_column_text css=&#8220;&#8220;]<\/p>\n<h4>Konzeption, Gestaltung und technische Realisierung<\/h4>\n<p>z\u00fcndung GmbH Werbeagentur<br \/>\nHanauer Landstra\u00dfe 139<br \/>\n60314 Frankfurt am Main<\/p>\n<p>Tel. 069 15044776-0<br \/>\ninfo@zuendung.de<br \/>\n<a href=\"http:\/\/www.zuendung.de\" target=\"_blank\" rel=\"noopener noreferrer\">www.zuendung.de<\/a>[\/vc_column_text][vc_column_text css=&#8220;&#8220;]<\/p>\n<h3><strong>Meldestelle f\u00fcr Hinweise nach dem HinSchG<\/strong><\/h3>\n<p><span>Kanzlei Kutzner &amp; Kollegen GbR<\/span><br \/>\n<span>Georg-R\u00fcckert-Stra\u00dfe 10<\/span><br \/>\n<span>55218 Ingelheim an Rhein<\/span><\/p>\n<p><span>Telefon: 06132-899780<\/span><br \/>\n<span>Telefax: 06132-8997820<\/span><\/p>\n<p><a href=\"mailto:hinweisgeber@kanzlei-kutzner.de\">hinweisgeber@kanzlei-kutzner.de<\/a>[\/vc_column_text][vc_column_text css=&#8220;&#8220;]<\/p>\n<h3>Haftungsausschluss<\/h3>\n<p>[\/vc_column_text][vc_column_text css=&#8220;&#8220;]<\/p>\n<h4>Haftung f\u00fcr Inhalte<\/h4>\n<p>Die Inhalte unserer Seiten wurden mit gr\u00f6\u00dfter Sorgfalt erstellt. F\u00fcr die Richtigkeit, Vollst\u00e4ndigkeit und Aktualit\u00e4t der Inhalte k\u00f6nnen wir jedoch keine Gew\u00e4hr \u00fcbernehmen. Als Diensteanbieter sind wir gem\u00e4\u00df \u00a7 7 Abs.1 TMG f\u00fcr eigene Inhalte auf diesen Seiten nach den allgemeinen Gesetzen verantwortlich. Nach \u00a7\u00a7 8 bis 10 TMG sind wir als Diensteanbieter jedoch nicht verpflichtet, \u00fcbermittelte oder gespeicherte fremde Informationen zu \u00fcberwachen oder nach Umst\u00e4nden zu forschen, die auf eine rechtswidrige T\u00e4tigkeit hinweisen. Verpflichtungen zur Entfernung oder Sperrung der Nutzung von Informationen nach den allgemeinen Gesetzen bleiben hiervon unber\u00fchrt. Eine diesbez\u00fcgliche Haftung ist jedoch erst ab dem Zeitpunkt der Kenntnis einer konkreten Rechtsverletzung m\u00f6glich. Bei Bekanntwerden von entsprechenden Rechtsverletzungen werden wir diese Inhalte umgehend entfernen.[\/vc_column_text][vc_column_text css=&#8220;&#8220;]<\/p>\n<h4>Haftung f\u00fcr Links<\/h4>\n<p>Unser Angebot enth\u00e4lt Links zu externen Webseiten Dritter, auf deren Inhalte wir keinen Einfluss haben. Deshalb k\u00f6nnen wir f\u00fcr diese fremden Inhalte auch keine Gew\u00e4hr \u00fcbernehmen. F\u00fcr die Inhalte der verlinkten Seiten ist stets der jeweilige Anbieter oder Betreiber der Seiten verantwortlich. Die verlinkten Seiten wurden zum Zeitpunkt der Verlinkung auf m\u00f6gliche Rechtsverst\u00f6\u00dfe \u00fcberpr\u00fcft. Rechtswidrige Inhalte waren zum Zeitpunkt der Verlinkung nicht erkennbar. Eine permanente inhaltliche Kontrolle der verlinkten Seiten ist jedoch ohne konkrete Anhaltspunkte einer Rechtsverletzung nicht zumutbar. Bei Bekanntwerden von Rechtsverletzungen werden wir derartige Links umgehend entfernen.[\/vc_column_text][vc_column_text css=&#8220;&#8220;]<\/p>\n<h4>Urheberrecht<strong><br \/>\n<\/strong><\/h4>\n<p>Die durch die Seitenbetreiber erstellten Inhalte und Werke auf diesen Seiten unterliegen dem deutschen Urheberrecht. Die Vervielf\u00e4ltigung, Bearbeitung, Verbreitung und jede Art der Verwertung au\u00dferhalb der Grenzen des Urheberrechtes bed\u00fcrfen der schriftlichen Zustimmung des jeweiligen Autors bzw. Erstellers. Downloads und Kopien dieser Seite sind nur f\u00fcr den privaten, nicht kommerziellen Gebrauch gestattet. Soweit die Inhalte auf dieser Seite nicht vom Betreiber erstellt wurden, werden die Urheberrechte Dritter beachtet. Insbesondere werden Inhalte Dritter als solche gekennzeichnet. Sollten Sie trotzdem auf eine Urheberrechtsverletzung aufmerksam werden, bitten wir um einen entsprechenden Hinweis. Bei Bekanntwerden von Rechtsverletzungen werden wir derartige Inhalte umgehend entfernen.[\/vc_column_text][\/vc_column][\/vc_row]<\/p>\n<\/div>","protected":false},"excerpt":{"rendered":"<p>[vc_row el_id=&#8220;stage&#8220;][vc_column][\/vc_column][\/vc_row][vc_row el_id=&#8220;intro&#8220; el_class=&#8220;small-content&#8220;][vc_column el_class=&#8220;introbox&#8220;][vc_column_text css=&#8220;&#8220; el_class=&#8220;megahead paragraph&#8220;] Impressum Angaben gem\u00e4\u00df \u00a7 5 TMG [\/vc_column_text][\/vc_column][vc_column el_class=&#8220;impressum&#8220;][vc_column_text css=&#8220;&#8220;] Kontakt J. Molitor Immobilien GmbH Rheinstra\u00dfe 194 b 55218 Ingelheim am Rhein Telefon: 06132 \u2013 9955-50 Telefax: 06132 \u2013 9955-90 E-Mail: info@molitor-immobilien.de[\/vc_column_text][vc_column_text css=&#8220;&#8220;] Gesch\u00e4ftsleitung F. Albrecht Graf von Pfeil, Tina Badrot, Dipl.-Ing. Tim Gem\u00fcnden, Dipl.-Ing. Lars Heimann, Dipl.-Betriebsw. &hellip; <a href=\"https:\/\/www.molitor-immobilien.de\/innovationlabz\/de\/impressum\/\" class=\"more-link\">Continue reading<span class=\"screen-reader-text\"> &#8222;Impressum&#8220;<\/span><\/a><\/p>\n","protected":false},"author":1,"featured_media":0,"parent":0,"menu_order":8,"comment_status":"closed","ping_status":"closed","template":"","meta":{"_acf_changed":false,"footnotes":""},"class_list":["post-8","page","type-page","status-publish","hentry"],"acf":[],"_links":{"self":[{"href":"https:\/\/www.molitor-immobilien.de\/innovationlabz\/de\/wp-json\/wp\/v2\/pages\/8","targetHints":{"allow":["GET"]}}],"collection":[{"href":"https:\/\/www.molitor-immobilien.de\/innovationlabz\/de\/wp-json\/wp\/v2\/pages"}],"about":[{"href":"https:\/\/www.molitor-immobilien.de\/innovationlabz\/de\/wp-json\/wp\/v2\/types\/page"}],"author":[{"embeddable":true,"href":"https:\/\/www.molitor-immobilien.de\/innovationlabz\/de\/wp-json\/wp\/v2\/users\/1"}],"replies":[{"embeddable":true,"href":"https:\/\/www.molitor-immobilien.de\/innovationlabz\/de\/wp-json\/wp\/v2\/comments?post=8"}],"version-history":[{"count":0,"href":"https:\/\/www.molitor-immobilien.de\/innovationlabz\/de\/wp-json\/wp\/v2\/pages\/8\/revisions"}],"wp:attachment":[{"href":"https:\/\/www.molitor-immobilien.de\/innovationlabz\/de\/wp-json\/wp\/v2\/media?parent=8"}],"curies":[{"name":"wp","href":"https:\/\/api.w.org\/{rel}","templated":true}]}}