{"id":7,"date":"2024-05-29T10:04:32","date_gmt":"2024-05-29T08:04:32","guid":{"rendered":"https:\/\/www.molitor-immobilien.de\/innovationlabz\/kontakt\/"},"modified":"2024-07-08T20:59:14","modified_gmt":"2024-07-08T18:59:14","slug":"kontakt","status":"publish","type":"page","link":"https:\/\/www.molitor-immobilien.de\/innovationlabz\/de\/kontakt\/","title":{"rendered":"Kontakt"},"content":{"rendered":"<div class=\"wpb-content-wrapper\"><p>[vc_row el_id=&#8220;stage&#8220;][vc_column][\/vc_column][\/vc_row][vc_row el_id=&#8220;intro&#8220;][vc_column el_class=&#8220;introbox&#8220;][vc_column_text css=&#8220;&#8220; el_class=&#8220;megahead kontakt&#8220;]<\/p>\n<h1><span>So k\u00f6nnen Sie uns erreichen<\/span><\/h1>\n<h2 class=\"white\">Ihre Experten mit langj\u00e4hriger Erfahrung<\/h2>\n<p>[\/vc_column_text][vc_column_text css=&#8220;&#8220; el_class=&#8220;desc&#8220;]<\/p>\n<h4 class=\"big\">Rund 140 Jahre Bautradition. Ein Wert, der uns zu h\u00f6chsten Anspr\u00fcchen verpflichtet.<\/h4>\n<p>[\/vc_column_text][vc_column_text css=&#8220;&#8220; el_class=&#8220;desc&#8220;]Wir planen und realisieren Ihren neuen Labor- und\/oder B\u00fcrostandort vision\u00e4r und leidenschaftlich. Und mit ganz viel Erfahrung. Dabei immer im Blick: die besonderen Anforderungen von Forschungs- und Laborgeb\u00e4uden. Forschungsimmobilien mit Industrieanlagen haben unter anderem ein gro\u00dfes Sicherheitsbed\u00fcrfnis und m\u00fcssen die Richtlinien zur Standort-Sicherheit einhalten. Auch hier k\u00f6nnen Sie auf uns bauen. Denn nicht nur unsere langj\u00e4hrige Expertise, sondern auch die Voraussetzungen des Standorts bieten die optimalen Rahmenbedingungen. <strong>Mit einer Fl\u00e4che von ca. 56.765 m\u00b2 f\u00fcr InnovationLabz<\/strong> sowie den gro\u00dfen Distanzen zu Wohn- und Naturschutzgebieten ist das Sicherheitsbed\u00fcrfnis eines Forschungs- und Innovationscampus optimal planbar \u2013 insbesondere das Einhalten der Seveso-II-Richtlinie sowie der St\u00f6rfallverordnung.[\/vc_column_text][vc_row_inner el_class=&#8220;kontakt&#8220;][vc_column_inner width=&#8220;1\/2&#8243;][vc_column_text css=&#8220;&#8220;]<\/p>\n<h3>Kontaktadresse<\/h3>\n<p>[\/vc_column_text][vc_column_text css=&#8220;&#8220;]<div class=\"address-wrapper\"><address class=\"address\"><div class=\"address-block\"><span class=\"company\">Innovationspark Mainz GmbH & Co.&nbsp;KG<\/span><br \/><span class=\"street\">Rheinstra\u00dfe 194 b<\/span><br \/><span class=\"city\">55218&nbsp;Ingelheim am Rhein<\/span><br \/><\/div><div class=\"contact-block\"><span class=\"telefon\"><span class=\"label\">Telefon: <\/span><span class=\"val\">+49 6132 9955 50<\/span><\/span><br \/><span class=\"email\"><span class=\"label\">E-Mail: <\/span><a class=\"val maillink\" href=\"mailto:info@molitor-immobilien.de\">info@molitor-immobilien.de<\/a><\/span><br \/><\/div><\/address><\/div>[\/vc_column_text][\/vc_column_inner][vc_column_inner el_class=&#8220;logos&#8220; width=&#8220;1\/2&#8243;][vc_column_text css=&#8220;&#8220;]<a href=\"https:\/\/www.molitor-immobilien.de\" target=\"_blank\" rel=\"noopener\"><img decoding=\"async\" class=\"mo\" src=\"\/innovationlabz\/wp-content\/themes\/ivp\/images\/LOGO_MOLITOR.svg\" \/><\/a><a href=\"https:\/\/www.gemuenden-bau.de\" target=\"_blank\" rel=\"noopener\"><img decoding=\"async\" class=\"mo\" src=\"\/innovationlabz\/wp-content\/themes\/ivp\/images\/LOGO_KARL-GEMUENDEN.svg\" \/><\/a>[\/vc_column_text][\/vc_column_inner][\/vc_row_inner][\/vc_column][\/vc_row][vc_row el_id=&#8220;kontaktform&#8220; el_class=&#8220;nopadding-top&#8220;][vc_column][vc_column_text css=&#8220;&#8220; el_class=&#8220;mailform-wrapper&#8220;]\n<div class=\"wpcf7 no-js\" id=\"wpcf7-f5-o1\" lang=\"de-DE\" dir=\"ltr\" data-wpcf7-id=\"5\">\n<div class=\"screen-reader-response\"><p role=\"status\" aria-live=\"polite\" aria-atomic=\"true\"><\/p> <ul><\/ul><\/div>\n<form action=\"\/innovationlabz\/de\/wp-json\/wp\/v2\/pages\/7#wpcf7-f5-o1\" method=\"post\" class=\"wpcf7-form init\" aria-label=\"Kontaktformular\" novalidate=\"novalidate\" data-status=\"init\">\n<fieldset class=\"hidden-fields-container\"><input type=\"hidden\" name=\"_wpcf7\" value=\"5\" \/><input type=\"hidden\" name=\"_wpcf7_version\" value=\"6.1.5\" \/><input type=\"hidden\" name=\"_wpcf7_locale\" value=\"de_DE\" \/><input type=\"hidden\" name=\"_wpcf7_unit_tag\" value=\"wpcf7-f5-o1\" \/><input type=\"hidden\" name=\"_wpcf7_container_post\" value=\"0\" \/><input type=\"hidden\" name=\"_wpcf7_posted_data_hash\" value=\"\" \/>\n<\/fieldset>\n<h3 class=\"bold-700\"><span style=\"font-size: 1.25em;\">Sie haben Fragen?<\/span> Senden Sie uns hier Ihre Mitteilung.\n<\/h3>\n<div class=\"formwrap\">\n\t<p><span id=\"wpcf7-69e34a5a9c7d3-wrapper\" class=\"wpcf7-form-control-wrap your-question-1-wrap\" ><input type=\"hidden\" name=\"your-question-1-time-start\" value=\"1776503386\"><input type=\"hidden\" name=\"your-question-1-time-check\" value=\"4\"><label for=\"your_question_1\" class=\"hp-message\">Dieses Feld ist optional<\/label><input id=\"your_question_1\"  placeholder=\"Dieses Feld ist optional\"  class=\"wpcf7-form-control wpcf7-text\" type=\"text\" name=\"your-question-1\" value=\"\" size=\"40\" tabindex=\"-1\" autocomplete=\"new-password\" \/><\/span>\n\t<\/p>\n\t<p><label class=\"required\"><span>Name\/Firma <span class=\"required\">*<\/span><\/span><br \/>\n<span class=\"wpcf7-form-control-wrap\" data-name=\"your-name\"><input size=\"40\" maxlength=\"400\" class=\"wpcf7-form-control wpcf7-text wpcf7-validates-as-required\" aria-required=\"true\" aria-invalid=\"false\" value=\"\" type=\"text\" name=\"your-name\" \/><\/span> <\/label>\n\t<\/p>\n\t<p><label class=\"required\"><span>E-Mailadresse <span class=\"required\">*<\/span><\/span><br \/>\n<span class=\"wpcf7-form-control-wrap\" data-name=\"your-email\"><input size=\"40\" maxlength=\"400\" class=\"wpcf7-form-control wpcf7-email wpcf7-validates-as-required wpcf7-text wpcf7-validates-as-email\" aria-required=\"true\" aria-invalid=\"false\" value=\"\" type=\"email\" name=\"your-email\" \/><\/span> <\/label>\n\t<\/p>\n\t<p><label><span>Telefonnummer <span class=\"required\">*<\/span><\/span><br \/>\n<span class=\"wpcf7-form-control-wrap\" data-name=\"your-phone\"><input size=\"40\" maxlength=\"400\" class=\"wpcf7-form-control wpcf7-tel wpcf7-validates-as-required wpcf7-text wpcf7-validates-as-tel\" aria-required=\"true\" aria-invalid=\"false\" value=\"\" type=\"tel\" name=\"your-phone\" \/><\/span> <\/label>\n\t<\/p>\n\t<p><span id=\"wpcf7-69e34a5a9c96d-wrapper\" class=\"wpcf7-form-control-wrap your-question-2-wrap\" ><input type=\"hidden\" name=\"your-question-2-time-start\" value=\"1776503386\"><input type=\"hidden\" name=\"your-question-2-time-check\" value=\"4\"><label for=\"your_question_2\" class=\"hp-message\">Dieses Feld ist optional<\/label><input id=\"your_question_2\"  placeholder=\"Dieses Feld ist optional\"  class=\"wpcf7-form-control wpcf7-text\" type=\"text\" name=\"your-question-2\" value=\"\" size=\"40\" tabindex=\"-1\" autocomplete=\"new-password\" \/><\/span>\n\t<\/p>\n<\/div>\n<div class=\"formwrap\">\n\t<p><label class=\"required\"><span>Betreff <span class=\"required\">*<\/span><\/span><br \/>\n<span class=\"wpcf7-form-control-wrap\" data-name=\"your-subject\"><input size=\"40\" maxlength=\"400\" class=\"wpcf7-form-control wpcf7-text wpcf7-validates-as-required\" aria-required=\"true\" aria-invalid=\"false\" value=\"\" type=\"text\" name=\"your-subject\" \/><\/span> <\/label>\n\t<\/p>\n\t<p><label><span>Ihre Nachricht<\/span><br \/>\n<span class=\"wpcf7-form-control-wrap\" data-name=\"your-message\"><textarea cols=\"40\" rows=\"10\" maxlength=\"2000\" class=\"wpcf7-form-control wpcf7-textarea\" aria-invalid=\"false\" name=\"your-message\"><\/textarea><\/span> <\/label>\n\t<\/p>\n<\/div>\n<div class=\"formwrap\">\n\t<p><label><span>Wie sind Sie auf uns aufmerksam geworden?<\/span><br \/>\n<span class=\"wpcf7-form-control-wrap\" data-name=\"your-attentive\"><select class=\"wpcf7-form-control wpcf7-select your-attentive\" id=\"attentive\" aria-invalid=\"false\" name=\"your-attentive\"><option value=\"\">Bitte w\u00e4hlen \u2026<\/option><option value=\"Google\">Google<\/option><option value=\"Empfehlung\">Empfehlung<\/option><option value=\"Instagram\">Instagram<\/option><option value=\"Immobilienscout24\">Immobilienscout24<\/option><option value=\"Baustellenwerbung\">Baustellenwerbung<\/option><option value=\"Sonstiges\">Sonstiges<\/option><\/select><\/span><br \/>\n<span class=\"wpcf7-form-control-wrap\" data-name=\"your-attentive-add\"><input size=\"40\" maxlength=\"400\" class=\"wpcf7-form-control wpcf7-text your-attentive-add\" id=\"attentive_add\" aria-invalid=\"false\" value=\"\" type=\"text\" name=\"your-attentive-add\" \/><\/span> <\/label>\n\t<\/p>\n<\/div>\n<p class=\"right small\">* Pflichtangaben\n<\/p>\n<div class=\"form-footer\">\n\t<p><span class=\"wpcf7-form-control-wrap\" data-name=\"datenschutz\"><span class=\"wpcf7-form-control wpcf7-acceptance\"><span class=\"wpcf7-list-item\"><label><input type=\"checkbox\" name=\"datenschutz\" value=\"1\" id=\"datenschutz\" aria-invalid=\"false\" \/><span class=\"wpcf7-list-item-label\">Ich bin einverstanden mit der Verarbeitung meiner personenbezogenen Daten und habe die Datenschutzerkl\u00e4rung gelesen.<\/span><\/label><\/span><\/span><\/span>\n\t<\/p>\n\t<p><span id=\"wpcf7-69e34a5a9cc28-wrapper\" class=\"wpcf7-form-control-wrap your-question-3-wrap\" ><input type=\"hidden\" name=\"your-question-3-time-start\" value=\"1776503386\"><input type=\"hidden\" name=\"your-question-3-time-check\" value=\"4\"><label for=\"your_question_3\" class=\"hp-message\">Dieses Feld ist optional<\/label><input id=\"your_question_3\"  placeholder=\"Dieses Feld ist optional\"  class=\"wpcf7-form-control wpcf7-text\" type=\"text\" name=\"your-question-3\" value=\"\" size=\"40\" tabindex=\"-1\" autocomplete=\"new-password\" \/><\/span>\n\t<\/p>\n\t<div class=\"button\">\n\t\t<p><input class=\"wpcf7-form-control wpcf7-submit has-spinner\" type=\"submit\" value=\"Senden\" disabled=\"\" \/>\n\t\t<\/p>\n\t<\/div>\n<\/div>\n<p><script>\n\tjQuery(\".wpcf7-form\").each(function(){\n\t\tlet _this = jQuery(this),\n\t\t_attentive = _this.find(\"select#attentive\"),\n\t\t_attentive_add = _this.find(\"input#attentive_add\");\n\t\t_attentive.on(\"change\",function(){ \/\/console.log(jQuery(this).val());\n\t\t\tif(jQuery(this).val() == \"Sonstiges\"){\n\t\t\t\t_attentive_add.addClass(\"active\").attr(\"placeholder\",\"Bitte eintragen \u2026\");\n\t\t\t}else{\n\t\t\t\t_attentive_add.removeClass(\"active\").val(\"\");\n\t\t\t}\n\t\t});\n\t\t_this.parents(\".wpcf7\").on(\"wpcf7mailsent\",function(e){\n\t\t\t_attentive_add.removeClass(\"active\").val(\"\");\n\t\t});\n\t});\n\t<\/script>\n<\/p><div class=\"wpcf7-response-output\" aria-hidden=\"true\"><\/div>\n<\/form>\n<\/div>\n[\/vc_column_text][\/vc_column][\/vc_row]<\/p>\n<\/div>","protected":false},"excerpt":{"rendered":"<p>[vc_row el_id=&#8220;stage&#8220;][vc_column][\/vc_column][\/vc_row][vc_row el_id=&#8220;intro&#8220;][vc_column el_class=&#8220;introbox&#8220;][vc_column_text css=&#8220;&#8220; el_class=&#8220;megahead kontakt&#8220;] So k\u00f6nnen Sie uns erreichen Ihre Experten mit langj\u00e4hriger Erfahrung [\/vc_column_text][vc_column_text css=&#8220;&#8220; el_class=&#8220;desc&#8220;] Rund 140 Jahre Bautradition. Ein Wert, der uns zu h\u00f6chsten Anspr\u00fcchen verpflichtet. [\/vc_column_text][vc_column_text css=&#8220;&#8220; el_class=&#8220;desc&#8220;]Wir planen und realisieren Ihren neuen Labor- und\/oder B\u00fcrostandort vision\u00e4r und leidenschaftlich. Und mit ganz viel Erfahrung. Dabei immer im Blick: &hellip; <a href=\"https:\/\/www.molitor-immobilien.de\/innovationlabz\/de\/kontakt\/\" class=\"more-link\">Continue reading<span class=\"screen-reader-text\"> &#8222;Kontakt&#8220;<\/span><\/a><\/p>\n","protected":false},"author":1,"featured_media":0,"parent":0,"menu_order":7,"comment_status":"closed","ping_status":"closed","template":"","meta":{"_acf_changed":false,"footnotes":""},"class_list":["post-7","page","type-page","status-publish","hentry"],"acf":[],"_links":{"self":[{"href":"https:\/\/www.molitor-immobilien.de\/innovationlabz\/de\/wp-json\/wp\/v2\/pages\/7","targetHints":{"allow":["GET"]}}],"collection":[{"href":"https:\/\/www.molitor-immobilien.de\/innovationlabz\/de\/wp-json\/wp\/v2\/pages"}],"about":[{"href":"https:\/\/www.molitor-immobilien.de\/innovationlabz\/de\/wp-json\/wp\/v2\/types\/page"}],"author":[{"embeddable":true,"href":"https:\/\/www.molitor-immobilien.de\/innovationlabz\/de\/wp-json\/wp\/v2\/users\/1"}],"replies":[{"embeddable":true,"href":"https:\/\/www.molitor-immobilien.de\/innovationlabz\/de\/wp-json\/wp\/v2\/comments?post=7"}],"version-history":[{"count":0,"href":"https:\/\/www.molitor-immobilien.de\/innovationlabz\/de\/wp-json\/wp\/v2\/pages\/7\/revisions"}],"wp:attachment":[{"href":"https:\/\/www.molitor-immobilien.de\/innovationlabz\/de\/wp-json\/wp\/v2\/media?parent=7"}],"curies":[{"name":"wp","href":"https:\/\/api.w.org\/{rel}","templated":true}]}}