{"id":18973,"date":"2021-10-13T16:44:56","date_gmt":"2021-10-13T14:44:56","guid":{"rendered":"https:\/\/www.molitor-immobilien.de\/current-projects\/"},"modified":"2023-12-12T13:24:45","modified_gmt":"2023-12-12T12:24:45","slug":"current-projects","status":"publish","type":"page","link":"https:\/\/www.molitor-immobilien.de\/en\/current-projects\/","title":{"rendered":"Current projects"},"content":{"rendered":"<div class=\"wpb-content-wrapper\"><p>[vc_row el_id=&#8221;hero&#8221;][vc_column][vc_column_text]<\/p>\n<h1>Current developments<\/h1>\n<p>[\/vc_column_text][vc_column_text el_class=&#8221;big bold&#8221;]Welcome to the exciting world of property development! This is where we present our latest developments.[\/vc_column_text][vc_column_text][\/vc_column_text][vc_row_inner el_class=&#8221;hero-text&#8221;][vc_column_inner][vc_column_text]For us, project development is always a creative task that requires a great deal of imagination. Our visionary thinking as developers is fired by a vacant plot of land, an industrial or commercial brownfield site, a gap in the inner-city landscape, a run-down listed building or an ageing existing property. At the same time, urban development aspects always play a key role. What could be built here? What fits into the surroundings? What does the location need and how can this need best be met?[\/vc_column_text][\/vc_column_inner][vc_column_inner width=&#8221;1\/2&#8243;][vc_column_text]When taking all of these aspects into consideration, we always focus on people. Who should fill the building with life and how? What are the needs of the future users? And how can we design the building to be flexible so that it can also adapt to the new needs of users in the long term?[\/vc_column_text][\/vc_column_inner][vc_column_inner width=&#8221;1\/2&#8243;][vc_column_text]These are the questions that run like a common thread through our project developments. Because we are convinced that every building must always be conceived and designed from the perspective of its users. It is the only way of ensuring that a property is filled with life in a manner that is both lasting and economically sustainable.[\/vc_column_text][\/vc_column_inner][\/vc_row_inner][\/vc_column][\/vc_row][vc_row el_id=&#8221;referenzen&#8221; el_class=&#8221;full-content nopadding wpb_animate_when_almost_visible wpb_slideInRight slideInRight&#8221;][vc_column][vc_column_text]<div class=\" heading_\"><h2>Residential properties<\/h2><\/div>\n\t\t\t<div class=\"item-2 col-1 innercol tile row-inner tile\">\n\t\t\t\t<div class=\"col span1-2\" data-c=\"wohnen\" style=\"background-image:url(https:\/\/www.molitor-immobilien.de\/wp-content\/uploads\/2022\/08\/RheinQuartier-Mainz-800x500.jpg);\">\n\t\t\t\t\t\t<div class=\"box\"><p><a href=\"https:\/\/www.molitor-immobilien.de\/en\/projekt\/wormser-strasse-in-mainz-weisenau\/\" title=\"More about the project: Wormser Stra\u00dfe\"><span class=\"headline\">Wormser Stra\u00dfe<\/span><span class=\"separator\">: <\/span><span class=\"subline\">A residential complex right by the Rhine in Mainz<\/span><\/a><\/p><\/div>\n\t\t\t\t\t<\/div>\n\t\t\t<\/div>\n\t\t\t<div class=\" heading_\"><h2>Commercial properties<\/h2><\/div>\n\t\t\t<div class=\"item-2 col-8 innercol tile row-inner tile\">\n\t\t\t\t<div class=\"col span1-2\" data-c=\"gewerbe\" style=\"background-image:url(https:\/\/www.molitor-immobilien.de\/wp-content\/uploads\/2022\/02\/InnovationLabz-800x500.jpg);\"><span class=\"grow-label\"><\/span>\n\t\t\t\t\t\t<div class=\"box\"><p><a href=\"https:\/\/www.molitor-immobilien.de\/en\/projekt\/innovationlabz-mainz\/\" title=\"More about the project: InnovationLabz\"><span class=\"headline\">InnovationLabz<\/span><span class=\"separator\">: <\/span><span class=\"subline\">bio.technology.life science.pharma<\/span><\/a><\/p><\/div>\n\t\t\t\t\t<\/div><div class=\"col span1-2\" data-c=\"gewerbe\" style=\"background-image:url(https:\/\/www.molitor-immobilien.de\/wp-content\/uploads\/2024\/05\/Aussen_NEU_@_9c_ohne-ORgentec_WEB-HEADER-800x500.jpg);\"><span class=\"grow-label\"><\/span>\n\t\t\t\t\t\t<div class=\"box\"><p><a href=\"https:\/\/www.molitor-immobilien.de\/en\/projekt\/1-fsv-mainz-05-bruchwegstadion\/\" title=\"More about the project: Nachwuchsleistungszentrum und Arbeitswelten- 1. FSV Mainz 05\"><span class=\"headline\">Nachwuchsleistungszentrum und Arbeitswelten- 1. FSV Mainz 05<\/span><\/a><\/p><\/div>\n\t\t\t\t\t<\/div><div class=\"col span1-2\" data-c=\"gewerbe\" style=\"background-image:url(https:\/\/www.molitor-immobilien.de\/wp-content\/uploads\/2023\/10\/Luftbild_@_11b-800x500.jpg);\">\n\t\t\t\t\t\t<div class=\"box\"><p><a href=\"https:\/\/www.molitor-immobilien.de\/en\/projekt\/ludwigsstrasse-mainz\/\" title=\"More about the project: Ludwigsstra\u00dfe, Mainz \"><span class=\"headline\">Ludwigsstra\u00dfe, Mainz <\/span><span class=\"separator\">: <\/span><span class=\"subline\">LU: a world of leisure in Mainz city centre <\/span><\/a><\/p><\/div>\n\t\t\t\t\t<\/div><div class=\"col span1-2\" data-c=\"gewerbe\" style=\"background-image:url(https:\/\/www.molitor-immobilien.de\/wp-content\/uploads\/2023\/10\/Aareon-Mainz-800x500.jpg);\"><span class=\"grow-label\"><\/span>\n\t\t\t\t\t\t<div class=\"box\"><p><a href=\"https:\/\/www.molitor-immobilien.de\/en\/projekt\/aareon-ii\/\" title=\"More about the project: Aareon II \"><span class=\"headline\">Aareon II <\/span><span class=\"separator\">: <\/span><span class=\"subline\">Office building in Mainz<\/span><\/a><\/p><\/div>\n\t\t\t\t\t<\/div><div class=\"col span1-2\" data-c=\"gewerbe\" style=\"background-image:url(https:\/\/www.molitor-immobilien.de\/wp-content\/uploads\/2024\/10\/Kissel_P2_@_15_WEB-800x500.jpg);\"><span class=\"grow-label\"><\/span>\n\t\t\t\t\t\t<div class=\"box\"><p><a href=\"https:\/\/www.molitor-immobilien.de\/en\/projekt\/pavo-bueroimmobilie-mainz\/\" title=\"More about the project: Pavo: B\u00fcrogeb\u00e4ude am Mainzer Kisselberg\"><span class=\"headline\">Pavo: B\u00fcrogeb\u00e4ude am Mainzer Kisselberg<\/span><span class=\"separator\">: <\/span><span class=\"subline\">B\u00fcro- und Hotelimmobilie in Mainz<\/span><\/a><\/p><\/div>\n\t\t\t\t\t<\/div><div class=\"col span1-2\" data-c=\"gewerbe\" style=\"background-image:url(https:\/\/www.molitor-immobilien.de\/wp-content\/uploads\/2021\/10\/IPK_Au\u00dfenansicht_Projekte_mit_Erdw\u00e4rme_St\u00f6rer-800x500.png);\">\n\t\t\t\t\t\t<div class=\"box\"><p><a href=\"https:\/\/www.molitor-immobilien.de\/en\/projekt\/mainz-kisselberg-commercial-zone\/\" title=\"More about the project: Innovation Park Kisselberg\"><span class=\"headline\">Innovation Park Kisselberg<\/span><span class=\"separator\">: <\/span><span class=\"subline\">Site development in Mainz<\/span><\/a><\/p><\/div>\n\t\t\t\t\t<\/div><div class=\"col span1-2\" data-c=\"gewerbe\" style=\"background-image:url(https:\/\/www.molitor-immobilien.de\/wp-content\/uploads\/2021\/10\/Hotelentwicklung_Kiedrich_Visualisierung_8-800x500.png);\">\n\t\t\t\t\t\t<div class=\"box\"><p><a href=\"https:\/\/www.molitor-immobilien.de\/en\/projekt\/hotel-development-in-kiedrich\/\" title=\"More about the project: Hotel development in Kiedrich\"><span class=\"headline\">Hotel development in Kiedrich<\/span><\/a><\/p><\/div>\n\t\t\t\t\t<\/div><div class=\"col span1-2\" data-c=\"gewerbe\" style=\"background-image:url(https:\/\/www.molitor-immobilien.de\/wp-content\/uploads\/2023\/10\/MG_0679-800x500.jpg);\">\n\t\t\t\t\t\t<div class=\"box\"><p><a href=\"https:\/\/www.molitor-immobilien.de\/en\/projekt\/fruchtmarkt-bingen\/\" title=\"More about the project: Fruchtmarkt Bingen\"><span class=\"headline\">Fruchtmarkt Bingen<\/span><span class=\"separator\">: <\/span><span class=\"subline\">Office building with commercial units <\/span><\/a><\/p><\/div>\n\t\t\t\t\t<\/div>\n\t\t\t<\/div>\n\t\t\t<div class=\"credit-row\"><span class=\"quelle\">Photo credit | <\/span><span class=\"credit quelle\">Photo 1, 4, 6: k.A.; <\/span><span class=\"credit quelle\">Photo 2, 3, 9: J. Molitor Immobilien GmbH; <\/span><span class=\"credit quelle\">Photo 5: J. Molitor Immobilien; <\/span><span class=\"credit quelle\">Photo 7: martina pipprich; <\/span><span class=\"credit quelle\">Photo 8: Faerber Architekten; <\/span><\/div>[\/vc_column_text][\/vc_column][\/vc_row]<\/p>\n<\/div>","protected":false},"excerpt":{"rendered":"<p>[vc_row el_id=&#8221;hero&#8221;][vc_column][vc_column_text] Current developments [\/vc_column_text][vc_column_text el_class=&#8221;big bold&#8221;]Welcome to the exciting world of property development! This is where we present our latest developments.[\/vc_column_text][vc_column_text][\/vc_column_text][vc_row_inner el_class=&#8221;hero-text&#8221;][vc_column_inner][vc_column_text]For us, project development is always a creative task that requires a great deal of imagination. Our visionary thinking as developers is fired by a vacant plot of land, an industrial or commercial &hellip; <a href=\"https:\/\/www.molitor-immobilien.de\/en\/projekt\/pavo-bueroimmobilie-mainz\/\" class=\"more-link\">Continue reading<span class=\"screen-reader-text\"> &#8220;Pavo: B\u00fcrogeb\u00e4ude am Mainzer Kisselberg&#8221;<\/span><\/a><\/p>\n","protected":false},"author":1,"featured_media":16474,"parent":0,"menu_order":14,"comment_status":"closed","ping_status":"closed","template":"","meta":{"footnotes":""},"acf":[],"_links":{"self":[{"href":"https:\/\/www.molitor-immobilien.de\/en\/wp-json\/wp\/v2\/pages\/18973"}],"collection":[{"href":"https:\/\/www.molitor-immobilien.de\/en\/wp-json\/wp\/v2\/pages"}],"about":[{"href":"https:\/\/www.molitor-immobilien.de\/en\/wp-json\/wp\/v2\/types\/page"}],"author":[{"embeddable":true,"href":"https:\/\/www.molitor-immobilien.de\/en\/wp-json\/wp\/v2\/users\/1"}],"replies":[{"embeddable":true,"href":"https:\/\/www.molitor-immobilien.de\/en\/wp-json\/wp\/v2\/comments?post=18973"}],"version-history":[{"count":0,"href":"https:\/\/www.molitor-immobilien.de\/en\/wp-json\/wp\/v2\/pages\/18973\/revisions"}],"wp:featuredmedia":[{"embeddable":true,"href":"https:\/\/www.molitor-immobilien.de\/en\/wp-json\/wp\/v2\/media\/16474"}],"wp:attachment":[{"href":"https:\/\/www.molitor-immobilien.de\/en\/wp-json\/wp\/v2\/media?parent=18973"}],"curies":[{"name":"wp","href":"https:\/\/api.w.org\/{rel}","templated":true}]}}